{"id":131561,"date":"2024-12-19T08:12:05","date_gmt":"2024-12-19T08:12:05","guid":{"rendered":"https:\/\/www.silvian.nl\/product\/hoopa-ex-3\/"},"modified":"2024-12-19T08:12:05","modified_gmt":"2024-12-19T08:12:05","slug":"hoopa-ex-3","status":"publish","type":"product","link":"https:\/\/www.silvian.nl\/he\/product\/hoopa-ex-3\/","title":{"rendered":"Hoopa-EX"},"content":{"rendered":"<p>Discard 2 Energy attached to this Pok\u00e9mon. This attack does 100 damage to 1 of your opponent's Pok\u00e9mon. (Don't apply Weakness and Resistance for Benched Pok\u00e9mon.)<\/p>\n","protected":false},"excerpt":{"rendered":"<p>Discard 2 Energy attached to this Pok\u00e9mon. This attack does 100 damage to 1 of your opponent's Pok\u00e9mon. (Don't apply Weakness and Resistance for Benched Pok\u00e9mon.)<\/p>\n","protected":false},"featured_media":131548,"template":"","meta":[],"product_cat":[5582,5314],"product_tag":[],"class_list":{"0":"post-131561","1":"product","2":"type-product","3":"status-publish","4":"has-post-thumbnail","6":"product_cat-ancient-origins","7":"product_cat-xy","9":"first","10":"outofstock","11":"shipping-taxable","12":"product-type-simple"},"_links":{"self":[{"href":"https:\/\/www.silvian.nl\/he\/wp-json\/wp\/v2\/product\/131561","targetHints":{"allow":["GET"]}}],"collection":[{"href":"https:\/\/www.silvian.nl\/he\/wp-json\/wp\/v2\/product"}],"about":[{"href":"https:\/\/www.silvian.nl\/he\/wp-json\/wp\/v2\/types\/product"}],"wp:featuredmedia":[{"embeddable":true,"href":"https:\/\/www.silvian.nl\/he\/wp-json\/wp\/v2\/media\/131548"}],"wp:attachment":[{"href":"https:\/\/www.silvian.nl\/he\/wp-json\/wp\/v2\/media?parent=131561"}],"wp:term":[{"taxonomy":"product_cat","embeddable":true,"href":"https:\/\/www.silvian.nl\/he\/wp-json\/wp\/v2\/product_cat?post=131561"},{"taxonomy":"product_tag","embeddable":true,"href":"https:\/\/www.silvian.nl\/he\/wp-json\/wp\/v2\/product_tag?post=131561"}],"curies":[{"name":"wp","href":"https:\/\/api.w.org\/{rel}","templated":true}]}}