{"id":130932,"date":"2024-12-19T08:07:17","date_gmt":"2024-12-19T08:07:17","guid":{"rendered":"https:\/\/www.silvian.nl\/product\/m-latios-ex-2\/"},"modified":"2024-12-19T08:07:18","modified_gmt":"2024-12-19T08:07:18","slug":"m-latios-ex-2","status":"publish","type":"product","link":"https:\/\/www.silvian.nl\/he\/product\/m-latios-ex-2\/","title":{"rendered":"M Latios-EX"},"content":{"rendered":"<p>Discard 2 Energy attached to this Pok\u00e9mon. This attack does 120 damage to 1 of your opponent's Pok\u00e9mon. (Don't apply Weakness and Resistance for Benched Pok\u00e9mon.)<\/p>\n","protected":false},"excerpt":{"rendered":"<p>Discard 2 Energy attached to this Pok\u00e9mon. This attack does 120 damage to 1 of your opponent's Pok\u00e9mon. (Don't apply Weakness and Resistance for Benched Pok\u00e9mon.)<\/p>\n","protected":false},"featured_media":130919,"template":"","meta":[],"product_cat":[5550,5314],"product_tag":[],"class_list":{"0":"post-130932","1":"product","2":"type-product","3":"status-publish","4":"has-post-thumbnail","6":"product_cat-roaring-skies","7":"product_cat-xy","9":"first","10":"outofstock","11":"shipping-taxable","12":"product-type-simple"},"_links":{"self":[{"href":"https:\/\/www.silvian.nl\/he\/wp-json\/wp\/v2\/product\/130932","targetHints":{"allow":["GET"]}}],"collection":[{"href":"https:\/\/www.silvian.nl\/he\/wp-json\/wp\/v2\/product"}],"about":[{"href":"https:\/\/www.silvian.nl\/he\/wp-json\/wp\/v2\/types\/product"}],"wp:featuredmedia":[{"embeddable":true,"href":"https:\/\/www.silvian.nl\/he\/wp-json\/wp\/v2\/media\/130919"}],"wp:attachment":[{"href":"https:\/\/www.silvian.nl\/he\/wp-json\/wp\/v2\/media?parent=130932"}],"wp:term":[{"taxonomy":"product_cat","embeddable":true,"href":"https:\/\/www.silvian.nl\/he\/wp-json\/wp\/v2\/product_cat?post=130932"},{"taxonomy":"product_tag","embeddable":true,"href":"https:\/\/www.silvian.nl\/he\/wp-json\/wp\/v2\/product_tag?post=130932"}],"curies":[{"name":"wp","href":"https:\/\/api.w.org\/{rel}","templated":true}]}}