{"id":114246,"date":"2024-12-10T11:53:02","date_gmt":"2024-12-10T11:53:02","guid":{"rendered":"https:\/\/www.silvian.nl\/product\/clefairy-12\/"},"modified":"2024-12-10T11:53:03","modified_gmt":"2024-12-10T11:53:03","slug":"clefairy-12","status":"publish","type":"product","link":"https:\/\/www.silvian.nl\/he\/product\/clefairy-12\/","title":{"rendered":"Clefairy"},"content":{"rendered":"<p>Put this Pok\u00e9mon and all cards attached to it into your hand. If you do, you may play Lillie's Pok\u00e9 Doll from your hand as your new Active Pok\u00e9mon.<\/p>\n","protected":false},"excerpt":{"rendered":"<p>They're popular, but they're rare. Trainers who show them off recklessly may be targeted by thieves.<\/p>\n","protected":false},"featured_media":114233,"template":"","meta":[],"product_cat":[5187,4493],"product_tag":[],"class_list":{"0":"post-114246","1":"product","2":"type-product","3":"status-publish","4":"has-post-thumbnail","6":"product_cat-cosmic-eclipse","7":"product_cat-sun-moon","9":"first","10":"outofstock","11":"shipping-taxable","12":"product-type-simple"},"_links":{"self":[{"href":"https:\/\/www.silvian.nl\/he\/wp-json\/wp\/v2\/product\/114246","targetHints":{"allow":["GET"]}}],"collection":[{"href":"https:\/\/www.silvian.nl\/he\/wp-json\/wp\/v2\/product"}],"about":[{"href":"https:\/\/www.silvian.nl\/he\/wp-json\/wp\/v2\/types\/product"}],"wp:featuredmedia":[{"embeddable":true,"href":"https:\/\/www.silvian.nl\/he\/wp-json\/wp\/v2\/media\/114233"}],"wp:attachment":[{"href":"https:\/\/www.silvian.nl\/he\/wp-json\/wp\/v2\/media?parent=114246"}],"wp:term":[{"taxonomy":"product_cat","embeddable":true,"href":"https:\/\/www.silvian.nl\/he\/wp-json\/wp\/v2\/product_cat?post=114246"},{"taxonomy":"product_tag","embeddable":true,"href":"https:\/\/www.silvian.nl\/he\/wp-json\/wp\/v2\/product_tag?post=114246"}],"curies":[{"name":"wp","href":"https:\/\/api.w.org\/{rel}","templated":true}]}}