{"id":107332,"date":"2024-12-09T12:06:01","date_gmt":"2024-12-09T12:06:01","guid":{"rendered":"https:\/\/www.silvian.nl\/product\/lickilicky-5\/"},"modified":"2024-12-09T12:06:01","modified_gmt":"2024-12-09T12:06:01","slug":"lickilicky-5","status":"publish","type":"product","link":"https:\/\/www.silvian.nl\/he\/product\/lickilicky-5\/","title":{"rendered":"Lickilicky"},"content":{"rendered":"<p>Before doing damage, discard all Pok\u00e9mon Tool cards from your opponent's Active Pok\u00e9mon. If you discarded a Pok\u00e9mon Tool card in this way, heal all damage from this Pok\u00e9mon.<\/p>\n","protected":false},"excerpt":{"rendered":"<p>A contest is under way to determine which one can stick its tongue out the farthest. The current record is\u2026more than 82 feet.<\/p>\n","protected":false},"featured_media":107319,"template":"","meta":[],"product_cat":[4493,5036],"product_tag":[],"class_list":{"0":"post-107332","1":"product","2":"type-product","3":"status-publish","4":"has-post-thumbnail","6":"product_cat-sun-moon","7":"product_cat-unbroken-bonds","9":"first","10":"outofstock","11":"shipping-taxable","12":"product-type-simple"},"_links":{"self":[{"href":"https:\/\/www.silvian.nl\/he\/wp-json\/wp\/v2\/product\/107332","targetHints":{"allow":["GET"]}}],"collection":[{"href":"https:\/\/www.silvian.nl\/he\/wp-json\/wp\/v2\/product"}],"about":[{"href":"https:\/\/www.silvian.nl\/he\/wp-json\/wp\/v2\/types\/product"}],"wp:featuredmedia":[{"embeddable":true,"href":"https:\/\/www.silvian.nl\/he\/wp-json\/wp\/v2\/media\/107319"}],"wp:attachment":[{"href":"https:\/\/www.silvian.nl\/he\/wp-json\/wp\/v2\/media?parent=107332"}],"wp:term":[{"taxonomy":"product_cat","embeddable":true,"href":"https:\/\/www.silvian.nl\/he\/wp-json\/wp\/v2\/product_cat?post=107332"},{"taxonomy":"product_tag","embeddable":true,"href":"https:\/\/www.silvian.nl\/he\/wp-json\/wp\/v2\/product_tag?post=107332"}],"curies":[{"name":"wp","href":"https:\/\/api.w.org\/{rel}","templated":true}]}}