{"id":107206,"date":"2024-12-09T12:05:33","date_gmt":"2024-12-09T12:05:33","guid":{"rendered":"https:\/\/www.silvian.nl\/product\/raticate-5\/"},"modified":"2024-12-09T12:05:34","modified_gmt":"2024-12-09T12:05:34","slug":"raticate-5","status":"publish","type":"product","link":"https:\/\/www.silvian.nl\/he\/product\/raticate-5\/","title":{"rendered":"Raticate"},"content":{"rendered":"<p>If your opponent's Active Pok\u00e9mon is an Evolution Pok\u00e9mon, switch this Pok\u00e9mon with 1 of your Benched Pok\u00e9mon.<\/p>\n","protected":false},"excerpt":{"rendered":"<p>People say that it fled from its enemies by using its small webbed hind feet to swim from island to island in Alola.<\/p>\n","protected":false},"featured_media":107193,"template":"","meta":[],"product_cat":[4493,5036],"product_tag":[],"class_list":{"0":"post-107206","1":"product","2":"type-product","3":"status-publish","4":"has-post-thumbnail","6":"product_cat-sun-moon","7":"product_cat-unbroken-bonds","9":"first","10":"outofstock","11":"shipping-taxable","12":"product-type-simple"},"_links":{"self":[{"href":"https:\/\/www.silvian.nl\/he\/wp-json\/wp\/v2\/product\/107206","targetHints":{"allow":["GET"]}}],"collection":[{"href":"https:\/\/www.silvian.nl\/he\/wp-json\/wp\/v2\/product"}],"about":[{"href":"https:\/\/www.silvian.nl\/he\/wp-json\/wp\/v2\/types\/product"}],"wp:featuredmedia":[{"embeddable":true,"href":"https:\/\/www.silvian.nl\/he\/wp-json\/wp\/v2\/media\/107193"}],"wp:attachment":[{"href":"https:\/\/www.silvian.nl\/he\/wp-json\/wp\/v2\/media?parent=107206"}],"wp:term":[{"taxonomy":"product_cat","embeddable":true,"href":"https:\/\/www.silvian.nl\/he\/wp-json\/wp\/v2\/product_cat?post=107206"},{"taxonomy":"product_tag","embeddable":true,"href":"https:\/\/www.silvian.nl\/he\/wp-json\/wp\/v2\/product_tag?post=107206"}],"curies":[{"name":"wp","href":"https:\/\/api.w.org\/{rel}","templated":true}]}}