{"id":106786,"date":"2024-12-09T12:04:05","date_gmt":"2024-12-09T12:04:05","guid":{"rendered":"https:\/\/www.silvian.nl\/product\/sandile-7\/"},"modified":"2024-12-09T12:04:06","modified_gmt":"2024-12-09T12:04:06","slug":"sandile-7","status":"publish","type":"product","link":"https:\/\/www.silvian.nl\/he\/product\/sandile-7\/","title":{"rendered":"Sandile"},"content":{"rendered":"<p>If your opponent's Pok\u00e9mon is Knocked Out by damage from this attack, this Pok\u00e9mon's attacks do 120 more damage to your opponent's Active Pok\u00e9mon during your next turn (before applying Weakness and Resistance).<\/p>\n","protected":false},"excerpt":{"rendered":"<p>Alola, where it's warm all year round, is a comfortable environment for this Pok\u00e9mon. Sometimes you'll even see it outside of deserts.<\/p>\n","protected":false},"featured_media":106773,"template":"","meta":[],"product_cat":[4493,5036],"product_tag":[],"class_list":{"0":"post-106786","1":"product","2":"type-product","3":"status-publish","4":"has-post-thumbnail","6":"product_cat-sun-moon","7":"product_cat-unbroken-bonds","9":"first","10":"outofstock","11":"shipping-taxable","12":"product-type-simple"},"_links":{"self":[{"href":"https:\/\/www.silvian.nl\/he\/wp-json\/wp\/v2\/product\/106786","targetHints":{"allow":["GET"]}}],"collection":[{"href":"https:\/\/www.silvian.nl\/he\/wp-json\/wp\/v2\/product"}],"about":[{"href":"https:\/\/www.silvian.nl\/he\/wp-json\/wp\/v2\/types\/product"}],"wp:featuredmedia":[{"embeddable":true,"href":"https:\/\/www.silvian.nl\/he\/wp-json\/wp\/v2\/media\/106773"}],"wp:attachment":[{"href":"https:\/\/www.silvian.nl\/he\/wp-json\/wp\/v2\/media?parent=106786"}],"wp:term":[{"taxonomy":"product_cat","embeddable":true,"href":"https:\/\/www.silvian.nl\/he\/wp-json\/wp\/v2\/product_cat?post=106786"},{"taxonomy":"product_tag","embeddable":true,"href":"https:\/\/www.silvian.nl\/he\/wp-json\/wp\/v2\/product_tag?post=106786"}],"curies":[{"name":"wp","href":"https:\/\/api.w.org\/{rel}","templated":true}]}}