{"id":132526,"date":"2024-12-19T10:55:08","date_gmt":"2024-12-19T10:55:08","guid":{"rendered":"https:\/\/www.silvian.nl\/product\/parasect-8\/"},"modified":"2024-12-19T10:55:08","modified_gmt":"2024-12-19T10:55:08","slug":"parasect-8","status":"publish","type":"product","link":"https:\/\/www.silvian.nl\/fr\/produit\/parasect-8\/","title":{"rendered":"Parasect"},"content":{"rendered":"<p>Choose 3 of your Pok\u00e9mon. For each of those Pok\u00e9mon, search your deck for a different type of basic Energy card and attach it to that Pok\u00e9mon. Shuffle your deck afterward.<\/p>\n","protected":false},"excerpt":{"rendered":"<p>The larger the mushroom on its back grows, the stronger the mushroom spores it scatters.<\/p>\n","protected":false},"featured_media":132513,"template":"","meta":[],"product_cat":[5625,5314],"product_tag":[],"class_list":{"0":"post-132526","1":"product","2":"type-product","3":"status-publish","4":"has-post-thumbnail","6":"product_cat-breakthrough","7":"product_cat-xy","9":"first","10":"outofstock","11":"shipping-taxable","12":"product-type-simple"},"_links":{"self":[{"href":"https:\/\/www.silvian.nl\/fr\/wp-json\/wp\/v2\/product\/132526","targetHints":{"allow":["GET"]}}],"collection":[{"href":"https:\/\/www.silvian.nl\/fr\/wp-json\/wp\/v2\/product"}],"about":[{"href":"https:\/\/www.silvian.nl\/fr\/wp-json\/wp\/v2\/types\/product"}],"wp:featuredmedia":[{"embeddable":true,"href":"https:\/\/www.silvian.nl\/fr\/wp-json\/wp\/v2\/media\/132513"}],"wp:attachment":[{"href":"https:\/\/www.silvian.nl\/fr\/wp-json\/wp\/v2\/media?parent=132526"}],"wp:term":[{"taxonomy":"product_cat","embeddable":true,"href":"https:\/\/www.silvian.nl\/fr\/wp-json\/wp\/v2\/product_cat?post=132526"},{"taxonomy":"product_tag","embeddable":true,"href":"https:\/\/www.silvian.nl\/fr\/wp-json\/wp\/v2\/product_tag?post=132526"}],"curies":[{"name":"wp","href":"https:\/\/api.w.org\/{rel}","templated":true}]}}