{"id":128581,"date":"2024-12-16T15:25:41","date_gmt":"2024-12-16T15:25:41","guid":{"rendered":"https:\/\/www.silvian.nl\/product\/mr-mime-11\/"},"modified":"2024-12-16T15:25:41","modified_gmt":"2024-12-16T15:25:41","slug":"mr-mime-11","status":"publish","type":"product","link":"https:\/\/www.silvian.nl\/fr\/produit\/mr-mime-11\/","title":{"rendered":"Mr. Mime"},"content":{"rendered":"<p>Move a Pok\u00e9mon Tool card attached to 1 of either player&rsquo;s Pok\u00e9mon to another of that player&rsquo;s Pok\u00e9mon that doesn&rsquo;t already have a Pok\u00e9mon Tool attached to it. If there is no Pok\u00e9mon to move the Pok\u00e9mon Tool card to, this attack does nothing.<\/p>\n","protected":false},"excerpt":{"rendered":"<p>It is adept at conning people. It is said to be able to create walls out of thin air by miming.<\/p>\n","protected":false},"featured_media":128568,"template":"","meta":[],"product_cat":[5501,5314],"product_tag":[],"class_list":{"0":"post-128581","1":"product","2":"type-product","3":"status-publish","4":"has-post-thumbnail","6":"product_cat-primal-clash","7":"product_cat-xy","9":"first","10":"outofstock","11":"shipping-taxable","12":"product-type-simple"},"_links":{"self":[{"href":"https:\/\/www.silvian.nl\/fr\/wp-json\/wp\/v2\/product\/128581","targetHints":{"allow":["GET"]}}],"collection":[{"href":"https:\/\/www.silvian.nl\/fr\/wp-json\/wp\/v2\/product"}],"about":[{"href":"https:\/\/www.silvian.nl\/fr\/wp-json\/wp\/v2\/types\/product"}],"wp:featuredmedia":[{"embeddable":true,"href":"https:\/\/www.silvian.nl\/fr\/wp-json\/wp\/v2\/media\/128568"}],"wp:attachment":[{"href":"https:\/\/www.silvian.nl\/fr\/wp-json\/wp\/v2\/media?parent=128581"}],"wp:term":[{"taxonomy":"product_cat","embeddable":true,"href":"https:\/\/www.silvian.nl\/fr\/wp-json\/wp\/v2\/product_cat?post=128581"},{"taxonomy":"product_tag","embeddable":true,"href":"https:\/\/www.silvian.nl\/fr\/wp-json\/wp\/v2\/product_tag?post=128581"}],"curies":[{"name":"wp","href":"https:\/\/api.w.org\/{rel}","templated":true}]}}