{"id":128441,"date":"2024-12-16T15:25:09","date_gmt":"2024-12-16T15:25:09","guid":{"rendered":"https:\/\/www.silvian.nl\/product\/sharpedo-ex\/"},"modified":"2024-12-16T15:25:09","modified_gmt":"2024-12-16T15:25:09","slug":"sharpedo-ex","status":"publish","type":"product","link":"https:\/\/www.silvian.nl\/fr\/produit\/sharpedo-ex\/","title":{"rendered":"Sharpedo-EX"},"content":{"rendered":"<p>Switch 1 of your opponent&rsquo;s Benched Pok\u00e9mon with his or her Active Pok\u00e9mon. This attack does 30 damage to the new Active Pok\u00e9mon.<\/p>\n","protected":false},"excerpt":{"rendered":"<p>Switch 1 of your opponent&rsquo;s Benched Pok\u00e9mon with his or her Active Pok\u00e9mon. This attack does 30 damage to the new Active Pok\u00e9mon.<\/p>\n","protected":false},"featured_media":128428,"template":"","meta":[],"product_cat":[5501,5314],"product_tag":[],"class_list":{"0":"post-128441","1":"product","2":"type-product","3":"status-publish","4":"has-post-thumbnail","6":"product_cat-primal-clash","7":"product_cat-xy","9":"first","10":"outofstock","11":"shipping-taxable","12":"product-type-simple"},"_links":{"self":[{"href":"https:\/\/www.silvian.nl\/fr\/wp-json\/wp\/v2\/product\/128441","targetHints":{"allow":["GET"]}}],"collection":[{"href":"https:\/\/www.silvian.nl\/fr\/wp-json\/wp\/v2\/product"}],"about":[{"href":"https:\/\/www.silvian.nl\/fr\/wp-json\/wp\/v2\/types\/product"}],"wp:featuredmedia":[{"embeddable":true,"href":"https:\/\/www.silvian.nl\/fr\/wp-json\/wp\/v2\/media\/128428"}],"wp:attachment":[{"href":"https:\/\/www.silvian.nl\/fr\/wp-json\/wp\/v2\/media?parent=128441"}],"wp:term":[{"taxonomy":"product_cat","embeddable":true,"href":"https:\/\/www.silvian.nl\/fr\/wp-json\/wp\/v2\/product_cat?post=128441"},{"taxonomy":"product_tag","embeddable":true,"href":"https:\/\/www.silvian.nl\/fr\/wp-json\/wp\/v2\/product_tag?post=128441"}],"curies":[{"name":"wp","href":"https:\/\/api.w.org\/{rel}","templated":true}]}}