{"id":127363,"date":"2024-12-16T15:20:42","date_gmt":"2024-12-16T15:20:42","guid":{"rendered":"https:\/\/www.silvian.nl\/product\/masquerain-6\/"},"modified":"2024-12-16T15:20:43","modified_gmt":"2024-12-16T15:20:43","slug":"masquerain-6","status":"publish","type":"product","link":"https:\/\/www.silvian.nl\/fr\/produit\/masquerain-6\/","title":{"rendered":"Masquerain"},"content":{"rendered":"<p>Your opponent&rsquo;s Active Pok\u00e9mon is now Confused. Switch this Pok\u00e9mon with 1 of your Benched Pok\u00e9mon.<\/p>\n","protected":false},"excerpt":{"rendered":"<p>It flaps its four wings to hover and fly freely in any direction\u2013to and fro and sideways.<\/p>\n","protected":false},"featured_media":127350,"template":"","meta":[],"product_cat":[5501,5314],"product_tag":[],"class_list":{"0":"post-127363","1":"product","2":"type-product","3":"status-publish","4":"has-post-thumbnail","6":"product_cat-primal-clash","7":"product_cat-xy","9":"first","10":"outofstock","11":"shipping-taxable","12":"product-type-simple"},"_links":{"self":[{"href":"https:\/\/www.silvian.nl\/fr\/wp-json\/wp\/v2\/product\/127363","targetHints":{"allow":["GET"]}}],"collection":[{"href":"https:\/\/www.silvian.nl\/fr\/wp-json\/wp\/v2\/product"}],"about":[{"href":"https:\/\/www.silvian.nl\/fr\/wp-json\/wp\/v2\/types\/product"}],"wp:featuredmedia":[{"embeddable":true,"href":"https:\/\/www.silvian.nl\/fr\/wp-json\/wp\/v2\/media\/127350"}],"wp:attachment":[{"href":"https:\/\/www.silvian.nl\/fr\/wp-json\/wp\/v2\/media?parent=127363"}],"wp:term":[{"taxonomy":"product_cat","embeddable":true,"href":"https:\/\/www.silvian.nl\/fr\/wp-json\/wp\/v2\/product_cat?post=127363"},{"taxonomy":"product_tag","embeddable":true,"href":"https:\/\/www.silvian.nl\/fr\/wp-json\/wp\/v2\/product_tag?post=127363"}],"curies":[{"name":"wp","href":"https:\/\/api.w.org\/{rel}","templated":true}]}}