{"id":108549,"date":"2024-12-09T13:03:54","date_gmt":"2024-12-09T13:03:54","guid":{"rendered":"https:\/\/www.silvian.nl\/product\/rowlet-alolan-exeggutor-gx\/"},"modified":"2024-12-09T13:03:54","modified_gmt":"2024-12-09T13:03:54","slug":"rowlet-alolan-exeggutor-gx","status":"publish","type":"product","link":"https:\/\/www.silvian.nl\/fr\/produit\/rowlet-alolan-exeggutor-gx\/","title":{"rendered":"Rowlet &#038; Alolan Exeggutor-GX"},"content":{"rendered":"<p>Search your deck for a card that evolves from 1 of your Grass Pok\u00e9mon and put it onto that Pok\u00e9mon to evolve it. If that Pok\u00e9mon is now a Stage 1 Pok\u00e9mon, search your deck for a Stage 2 Pok\u00e9mon that evolves from that Pok\u00e9mon and put it onto that Pok\u00e9mon to evolve it. Then, shuffle your deck.<\/p>\n","protected":false},"excerpt":{"rendered":"<p>Search your deck for a card that evolves from 1 of your Grass Pok\u00e9mon and put it onto that Pok\u00e9mon to evolve it. If that Pok\u00e9mon is now a Stage 1 Pok\u00e9mon, search your deck for a Stage 2 Pok\u00e9mon that evolves from that Pok\u00e9mon and put it onto that Pok\u00e9mon to evolve it. Then, [&#8230;]\n","protected":false},"featured_media":108536,"template":"","meta":[],"product_cat":[4493,5110],"product_tag":[],"class_list":{"0":"post-108549","1":"product","2":"type-product","3":"status-publish","4":"has-post-thumbnail","6":"product_cat-sun-moon","7":"product_cat-unified-minds","9":"first","10":"outofstock","11":"shipping-taxable","12":"product-type-simple"},"_links":{"self":[{"href":"https:\/\/www.silvian.nl\/fr\/wp-json\/wp\/v2\/product\/108549","targetHints":{"allow":["GET"]}}],"collection":[{"href":"https:\/\/www.silvian.nl\/fr\/wp-json\/wp\/v2\/product"}],"about":[{"href":"https:\/\/www.silvian.nl\/fr\/wp-json\/wp\/v2\/types\/product"}],"wp:featuredmedia":[{"embeddable":true,"href":"https:\/\/www.silvian.nl\/fr\/wp-json\/wp\/v2\/media\/108536"}],"wp:attachment":[{"href":"https:\/\/www.silvian.nl\/fr\/wp-json\/wp\/v2\/media?parent=108549"}],"wp:term":[{"taxonomy":"product_cat","embeddable":true,"href":"https:\/\/www.silvian.nl\/fr\/wp-json\/wp\/v2\/product_cat?post=108549"},{"taxonomy":"product_tag","embeddable":true,"href":"https:\/\/www.silvian.nl\/fr\/wp-json\/wp\/v2\/product_tag?post=108549"}],"curies":[{"name":"wp","href":"https:\/\/api.w.org\/{rel}","templated":true}]}}