{"id":99887,"date":"2024-12-09T10:57:02","date_gmt":"2024-12-09T10:57:02","guid":{"rendered":"https:\/\/www.silvian.nl\/product\/beartic-4\/"},"modified":"2024-12-09T11:15:27","modified_gmt":"2024-12-09T11:15:27","slug":"beartic-4","status":"publish","type":"product","link":"https:\/\/www.silvian.nl\/fi\/tuote\/beartic-4\/","title":{"rendered":"Beartic"},"content":{"rendered":"<p>If your opponent&#8217;s Active Pok\u00e9mon is a Pok\u00e9mon-GX or a Pok\u00e9mon-EX, this attack does 60 more damage (before applying Weakness and Resistance).<\/p>\n","protected":false},"excerpt":{"rendered":"<p>It freezes its breath to create fangs and claws of ice to fight with. Cold northern areas are its habitat.<\/p>\n","protected":false},"featured_media":99874,"template":"","meta":[],"product_cat":[4985,4493],"product_tag":[],"class_list":{"0":"post-99887","1":"product","2":"type-product","3":"status-publish","4":"has-post-thumbnail","6":"product_cat-lost-thunder","7":"product_cat-sun-moon","9":"first","10":"outofstock","11":"shipping-taxable","12":"product-type-simple"},"_links":{"self":[{"href":"https:\/\/www.silvian.nl\/fi\/wp-json\/wp\/v2\/product\/99887","targetHints":{"allow":["GET"]}}],"collection":[{"href":"https:\/\/www.silvian.nl\/fi\/wp-json\/wp\/v2\/product"}],"about":[{"href":"https:\/\/www.silvian.nl\/fi\/wp-json\/wp\/v2\/types\/product"}],"wp:featuredmedia":[{"embeddable":true,"href":"https:\/\/www.silvian.nl\/fi\/wp-json\/wp\/v2\/media\/99874"}],"wp:attachment":[{"href":"https:\/\/www.silvian.nl\/fi\/wp-json\/wp\/v2\/media?parent=99887"}],"wp:term":[{"taxonomy":"product_cat","embeddable":true,"href":"https:\/\/www.silvian.nl\/fi\/wp-json\/wp\/v2\/product_cat?post=99887"},{"taxonomy":"product_tag","embeddable":true,"href":"https:\/\/www.silvian.nl\/fi\/wp-json\/wp\/v2\/product_tag?post=99887"}],"curies":[{"name":"wp","href":"https:\/\/api.w.org\/{rel}","templated":true}]}}