{"id":97158,"date":"2024-12-03T10:46:46","date_gmt":"2024-12-03T10:46:46","guid":{"rendered":"https:\/\/www.silvian.nl\/product\/oricorio-12\/"},"modified":"2024-12-05T00:57:03","modified_gmt":"2024-12-05T00:57:03","slug":"oricorio-12","status":"publish","type":"product","link":"https:\/\/www.silvian.nl\/fi\/tuote\/oricorio-12\/","title":{"rendered":"Oricorio"},"content":{"rendered":"<p>This attack does 30 damage to each Pok\u00e9mon-GX and Pok\u00e9mon-EX (both yours and your opponent&#8217;s). (Don&#8217;t apply Weakness and Resistance for Benched Pok\u00e9mon.)<\/p>\n","protected":false},"excerpt":{"rendered":"<p>It creates an electric charge by rubbing its feathers together. It dances over to its enemies and delivers shocking electrical punches.<\/p>\n","protected":false},"featured_media":97145,"template":"","meta":[],"product_cat":[4838,4493],"product_tag":[],"class_list":{"0":"post-97158","1":"product","2":"type-product","3":"status-publish","4":"has-post-thumbnail","6":"product_cat-celestial-storm","7":"product_cat-sun-moon","9":"first","10":"outofstock","11":"shipping-taxable","12":"product-type-simple"},"_links":{"self":[{"href":"https:\/\/www.silvian.nl\/fi\/wp-json\/wp\/v2\/product\/97158","targetHints":{"allow":["GET"]}}],"collection":[{"href":"https:\/\/www.silvian.nl\/fi\/wp-json\/wp\/v2\/product"}],"about":[{"href":"https:\/\/www.silvian.nl\/fi\/wp-json\/wp\/v2\/types\/product"}],"wp:featuredmedia":[{"embeddable":true,"href":"https:\/\/www.silvian.nl\/fi\/wp-json\/wp\/v2\/media\/97145"}],"wp:attachment":[{"href":"https:\/\/www.silvian.nl\/fi\/wp-json\/wp\/v2\/media?parent=97158"}],"wp:term":[{"taxonomy":"product_cat","embeddable":true,"href":"https:\/\/www.silvian.nl\/fi\/wp-json\/wp\/v2\/product_cat?post=97158"},{"taxonomy":"product_tag","embeddable":true,"href":"https:\/\/www.silvian.nl\/fi\/wp-json\/wp\/v2\/product_tag?post=97158"}],"curies":[{"name":"wp","href":"https:\/\/api.w.org\/{rel}","templated":true}]}}