{"id":91799,"date":"2024-12-02T11:16:37","date_gmt":"2024-12-02T11:16:37","guid":{"rendered":"https:\/\/www.silvian.nl\/product\/roserade-4\/"},"modified":"2024-12-05T00:49:23","modified_gmt":"2024-12-05T00:49:23","slug":"roserade-4","status":"publish","type":"product","link":"https:\/\/www.silvian.nl\/fi\/tuote\/roserade-4\/","title":{"rendered":"Roserade"},"content":{"rendered":"<p>Switch 1 of your opponent&#8217;s Benched Pok\u00e9mon with their Active Pok\u00e9mon. The new Active Pok\u00e9mon is now Poisoned.<\/p>\n","protected":false},"excerpt":{"rendered":"<p>With the movements of a dancer, it strikes with whips that are densely lined with poison thorns.<\/p>\n","protected":false},"featured_media":91786,"template":"","meta":[],"product_cat":[4493,4716],"product_tag":[],"class_list":{"0":"post-91799","1":"product","2":"type-product","3":"status-publish","4":"has-post-thumbnail","6":"product_cat-sun-moon","7":"product_cat-ultra-prism","9":"first","10":"outofstock","11":"shipping-taxable","12":"product-type-simple"},"_links":{"self":[{"href":"https:\/\/www.silvian.nl\/fi\/wp-json\/wp\/v2\/product\/91799","targetHints":{"allow":["GET"]}}],"collection":[{"href":"https:\/\/www.silvian.nl\/fi\/wp-json\/wp\/v2\/product"}],"about":[{"href":"https:\/\/www.silvian.nl\/fi\/wp-json\/wp\/v2\/types\/product"}],"wp:featuredmedia":[{"embeddable":true,"href":"https:\/\/www.silvian.nl\/fi\/wp-json\/wp\/v2\/media\/91786"}],"wp:attachment":[{"href":"https:\/\/www.silvian.nl\/fi\/wp-json\/wp\/v2\/media?parent=91799"}],"wp:term":[{"taxonomy":"product_cat","embeddable":true,"href":"https:\/\/www.silvian.nl\/fi\/wp-json\/wp\/v2\/product_cat?post=91799"},{"taxonomy":"product_tag","embeddable":true,"href":"https:\/\/www.silvian.nl\/fi\/wp-json\/wp\/v2\/product_tag?post=91799"}],"curies":[{"name":"wp","href":"https:\/\/api.w.org\/{rel}","templated":true}]}}