{"id":77319,"date":"2024-11-28T10:45:43","date_gmt":"2024-11-28T10:45:43","guid":{"rendered":"https:\/\/www.silvian.nl\/product\/jynx-6\/"},"modified":"2024-12-05T00:24:01","modified_gmt":"2024-12-05T00:24:01","slug":"jynx-6","status":"publish","type":"product","link":"https:\/\/www.silvian.nl\/fi\/tuote\/jynx-6\/","title":{"rendered":"Jynx"},"content":{"rendered":"<p>Switch 1 of your opponent&#8217;s Benched Pok\u00e9mon with their Active Pok\u00e9mon. The new Active Pok\u00e9mon is now Confused.<\/p>\n","protected":false},"excerpt":{"rendered":"<p>Its strange cries sound like human language. There are some musicians who compose songs for Jynx to sing.<\/p>\n","protected":false},"featured_media":77306,"template":"","meta":[],"product_cat":[4308,2971],"product_tag":[],"class_list":{"0":"post-77319","1":"product","2":"type-product","3":"status-publish","4":"has-post-thumbnail","6":"product_cat-lost-origin","7":"product_cat-sword-shield","9":"first","10":"outofstock","11":"shipping-taxable","12":"product-type-simple"},"_links":{"self":[{"href":"https:\/\/www.silvian.nl\/fi\/wp-json\/wp\/v2\/product\/77319","targetHints":{"allow":["GET"]}}],"collection":[{"href":"https:\/\/www.silvian.nl\/fi\/wp-json\/wp\/v2\/product"}],"about":[{"href":"https:\/\/www.silvian.nl\/fi\/wp-json\/wp\/v2\/types\/product"}],"wp:featuredmedia":[{"embeddable":true,"href":"https:\/\/www.silvian.nl\/fi\/wp-json\/wp\/v2\/media\/77306"}],"wp:attachment":[{"href":"https:\/\/www.silvian.nl\/fi\/wp-json\/wp\/v2\/media?parent=77319"}],"wp:term":[{"taxonomy":"product_cat","embeddable":true,"href":"https:\/\/www.silvian.nl\/fi\/wp-json\/wp\/v2\/product_cat?post=77319"},{"taxonomy":"product_tag","embeddable":true,"href":"https:\/\/www.silvian.nl\/fi\/wp-json\/wp\/v2\/product_tag?post=77319"}],"curies":[{"name":"wp","href":"https:\/\/api.w.org\/{rel}","templated":true}]}}