{"id":7021,"date":"2024-11-21T10:58:07","date_gmt":"2024-11-21T10:58:07","guid":{"rendered":"https:\/\/www.silvian.nl\/product\/dark-persian\/"},"modified":"2024-12-04T21:47:43","modified_gmt":"2024-12-04T21:47:43","slug":"dark-persian","status":"publish","type":"product","link":"https:\/\/www.silvian.nl\/fi\/tuote\/dark-persian\/","title":{"rendered":"Dark Persian"},"content":{"rendered":"<p>Flip a coin. If heads, choose 1 of your opponent&#8217;s Benched Pok\u00e9mon and switch it with the Defending Pok\u00e9mon. This attack can&#8217;t be used if your opponent has no Benched Pok\u00e9mon.<\/p>\n","protected":false},"excerpt":{"rendered":"<p>Popular with women because of its beautiful fur. The leader of the Rockets keeps one as a pet.<\/p>\n","protected":false},"featured_media":7008,"template":"","meta":[],"product_cat":[296,2825],"product_tag":[],"class_list":{"0":"post-7021","1":"product","2":"type-product","3":"status-publish","4":"has-post-thumbnail","6":"product_cat-base","7":"product_cat-base-set-5","9":"first","10":"outofstock","11":"shipping-taxable","12":"product-type-simple"},"_links":{"self":[{"href":"https:\/\/www.silvian.nl\/fi\/wp-json\/wp\/v2\/product\/7021","targetHints":{"allow":["GET"]}}],"collection":[{"href":"https:\/\/www.silvian.nl\/fi\/wp-json\/wp\/v2\/product"}],"about":[{"href":"https:\/\/www.silvian.nl\/fi\/wp-json\/wp\/v2\/types\/product"}],"wp:featuredmedia":[{"embeddable":true,"href":"https:\/\/www.silvian.nl\/fi\/wp-json\/wp\/v2\/media\/7008"}],"wp:attachment":[{"href":"https:\/\/www.silvian.nl\/fi\/wp-json\/wp\/v2\/media?parent=7021"}],"wp:term":[{"taxonomy":"product_cat","embeddable":true,"href":"https:\/\/www.silvian.nl\/fi\/wp-json\/wp\/v2\/product_cat?post=7021"},{"taxonomy":"product_tag","embeddable":true,"href":"https:\/\/www.silvian.nl\/fi\/wp-json\/wp\/v2\/product_tag?post=7021"}],"curies":[{"name":"wp","href":"https:\/\/api.w.org\/{rel}","templated":true}]}}