{"id":4094,"date":"2024-11-20T13:22:47","date_gmt":"2024-11-20T13:22:47","guid":{"rendered":"https:\/\/www.silvian.nl\/product\/arbok\/"},"modified":"2024-12-04T21:36:58","modified_gmt":"2024-12-04T21:36:58","slug":"arbok","status":"publish","type":"product","link":"https:\/\/www.silvian.nl\/fi\/tuote\/arbok\/","title":{"rendered":"Arbok"},"content":{"rendered":"<p>Flip a coin. If heads and if your opponent has any Benched Pok\u00e9mon, he or she chooses 1 of them and switches it with the Defending Pok\u00e9mon. (Do the damage before switching the Pok\u00e9mon.)<\/p>\n","protected":false},"excerpt":{"rendered":"<p>It is rumored that the ferocious warning markings on its belly differ from area to area.<\/p>\n","protected":false},"featured_media":4081,"template":"","meta":[],"product_cat":[296,2823],"product_tag":[],"class_list":{"0":"post-4094","1":"product","2":"type-product","3":"status-publish","4":"has-post-thumbnail","6":"product_cat-base","7":"product_cat-base-set-3","9":"first","10":"outofstock","11":"shipping-taxable","12":"product-type-simple"},"_links":{"self":[{"href":"https:\/\/www.silvian.nl\/fi\/wp-json\/wp\/v2\/product\/4094","targetHints":{"allow":["GET"]}}],"collection":[{"href":"https:\/\/www.silvian.nl\/fi\/wp-json\/wp\/v2\/product"}],"about":[{"href":"https:\/\/www.silvian.nl\/fi\/wp-json\/wp\/v2\/types\/product"}],"wp:featuredmedia":[{"embeddable":true,"href":"https:\/\/www.silvian.nl\/fi\/wp-json\/wp\/v2\/media\/4081"}],"wp:attachment":[{"href":"https:\/\/www.silvian.nl\/fi\/wp-json\/wp\/v2\/media?parent=4094"}],"wp:term":[{"taxonomy":"product_cat","embeddable":true,"href":"https:\/\/www.silvian.nl\/fi\/wp-json\/wp\/v2\/product_cat?post=4094"},{"taxonomy":"product_tag","embeddable":true,"href":"https:\/\/www.silvian.nl\/fi\/wp-json\/wp\/v2\/product_tag?post=4094"}],"curies":[{"name":"wp","href":"https:\/\/api.w.org\/{rel}","templated":true}]}}