{"id":35116,"date":"2024-11-24T15:12:39","date_gmt":"2024-11-24T15:12:39","guid":{"rendered":"https:\/\/www.silvian.nl\/product\/jynx-4\/"},"modified":"2024-12-04T22:53:51","modified_gmt":"2024-12-04T22:53:51","slug":"jynx-4","status":"publish","type":"product","link":"https:\/\/www.silvian.nl\/fi\/tuote\/jynx-4\/","title":{"rendered":"Jynx"},"content":{"rendered":"<p>Search your deck for a Basic Pok\u00e9mon and put it onto your Bench. Then, shuffle your deck. If you put any Pok\u00e9mon onto your Bench in this way, move an Energy from this Pok\u00e9mon to the new Benched Pok\u00e9mon.<\/p>\n","protected":false},"excerpt":{"rendered":"<p>In certain parts of Galar, Jynx was once feared and worshiped as the Queen of Ice.<\/p>\n","protected":false},"featured_media":35103,"template":"","meta":[],"product_cat":[999,2625],"product_tag":[],"class_list":{"0":"post-35116","1":"product","2":"type-product","3":"status-publish","4":"has-post-thumbnail","6":"product_cat-scarlet-violet","7":"product_cat-twilight-masquerade","9":"first","10":"outofstock","11":"shipping-taxable","12":"product-type-simple"},"_links":{"self":[{"href":"https:\/\/www.silvian.nl\/fi\/wp-json\/wp\/v2\/product\/35116","targetHints":{"allow":["GET"]}}],"collection":[{"href":"https:\/\/www.silvian.nl\/fi\/wp-json\/wp\/v2\/product"}],"about":[{"href":"https:\/\/www.silvian.nl\/fi\/wp-json\/wp\/v2\/types\/product"}],"wp:featuredmedia":[{"embeddable":true,"href":"https:\/\/www.silvian.nl\/fi\/wp-json\/wp\/v2\/media\/35103"}],"wp:attachment":[{"href":"https:\/\/www.silvian.nl\/fi\/wp-json\/wp\/v2\/media?parent=35116"}],"wp:term":[{"taxonomy":"product_cat","embeddable":true,"href":"https:\/\/www.silvian.nl\/fi\/wp-json\/wp\/v2\/product_cat?post=35116"},{"taxonomy":"product_tag","embeddable":true,"href":"https:\/\/www.silvian.nl\/fi\/wp-json\/wp\/v2\/product_tag?post=35116"}],"curies":[{"name":"wp","href":"https:\/\/api.w.org\/{rel}","templated":true}]}}