{"id":3035,"date":"2024-11-20T09:25:18","date_gmt":"2024-11-20T09:25:18","guid":{"rendered":"https:\/\/www.silvian.nl\/product\/butterfree\/"},"modified":"2024-12-04T21:31:12","modified_gmt":"2024-12-04T21:31:12","slug":"butterfree","status":"publish","type":"product","link":"https:\/\/www.silvian.nl\/fi\/tuote\/butterfree\/","title":{"rendered":"Butterfree"},"content":{"rendered":"<p>If your opponent has any Benched Pok\u00e9mon, he or she chooses 1 of them and switches it with the Defending Pok\u00e9mon. (Do the damage before switching the Pok\u00e9mon.)<\/p>\n","protected":false},"excerpt":{"rendered":"<p>In battle, it flaps its wings at high speed to release highly toxic dust into the air.<\/p>\n","protected":false},"featured_media":3022,"template":"","meta":[],"product_cat":[296,2822],"product_tag":[],"class_list":{"0":"post-3035","1":"product","2":"type-product","3":"status-publish","4":"has-post-thumbnail","6":"product_cat-base","7":"product_cat-base-set-2","9":"first","10":"outofstock","11":"shipping-taxable","12":"product-type-simple"},"_links":{"self":[{"href":"https:\/\/www.silvian.nl\/fi\/wp-json\/wp\/v2\/product\/3035","targetHints":{"allow":["GET"]}}],"collection":[{"href":"https:\/\/www.silvian.nl\/fi\/wp-json\/wp\/v2\/product"}],"about":[{"href":"https:\/\/www.silvian.nl\/fi\/wp-json\/wp\/v2\/types\/product"}],"wp:featuredmedia":[{"embeddable":true,"href":"https:\/\/www.silvian.nl\/fi\/wp-json\/wp\/v2\/media\/3022"}],"wp:attachment":[{"href":"https:\/\/www.silvian.nl\/fi\/wp-json\/wp\/v2\/media?parent=3035"}],"wp:term":[{"taxonomy":"product_cat","embeddable":true,"href":"https:\/\/www.silvian.nl\/fi\/wp-json\/wp\/v2\/product_cat?post=3035"},{"taxonomy":"product_tag","embeddable":true,"href":"https:\/\/www.silvian.nl\/fi\/wp-json\/wp\/v2\/product_tag?post=3035"}],"curies":[{"name":"wp","href":"https:\/\/api.w.org\/{rel}","templated":true}]}}