{"id":125726,"date":"2024-12-16T15:11:56","date_gmt":"2024-12-16T15:11:56","guid":{"rendered":"https:\/\/www.silvian.nl\/product\/alomomola-3\/"},"modified":"2024-12-16T15:11:56","modified_gmt":"2024-12-16T15:11:56","slug":"alomomola-3","status":"publish","type":"product","link":"https:\/\/www.silvian.nl\/fi\/tuote\/alomomola-3\/","title":{"rendered":"Alomomola"},"content":{"rendered":"<p>Heal 30 damage from this Pok\u00e9mon. Switch this Pok\u00e9mon with 1 of your Benched Pok\u00e9mon.<\/p>\n","protected":false},"excerpt":{"rendered":"<p>Floating in the open sea is how they live. When they find a wounded Pok\u00e9mon, they embrace it and bring it to shore.<\/p>\n","protected":false},"featured_media":125713,"template":"","meta":[],"product_cat":[5464,5314],"product_tag":[],"class_list":{"0":"post-125726","1":"product","2":"type-product","3":"status-publish","4":"has-post-thumbnail","6":"product_cat-phantom-forces","7":"product_cat-xy","9":"first","10":"outofstock","11":"shipping-taxable","12":"product-type-simple"},"_links":{"self":[{"href":"https:\/\/www.silvian.nl\/fi\/wp-json\/wp\/v2\/product\/125726","targetHints":{"allow":["GET"]}}],"collection":[{"href":"https:\/\/www.silvian.nl\/fi\/wp-json\/wp\/v2\/product"}],"about":[{"href":"https:\/\/www.silvian.nl\/fi\/wp-json\/wp\/v2\/types\/product"}],"wp:featuredmedia":[{"embeddable":true,"href":"https:\/\/www.silvian.nl\/fi\/wp-json\/wp\/v2\/media\/125713"}],"wp:attachment":[{"href":"https:\/\/www.silvian.nl\/fi\/wp-json\/wp\/v2\/media?parent=125726"}],"wp:term":[{"taxonomy":"product_cat","embeddable":true,"href":"https:\/\/www.silvian.nl\/fi\/wp-json\/wp\/v2\/product_cat?post=125726"},{"taxonomy":"product_tag","embeddable":true,"href":"https:\/\/www.silvian.nl\/fi\/wp-json\/wp\/v2\/product_tag?post=125726"}],"curies":[{"name":"wp","href":"https:\/\/api.w.org\/{rel}","templated":true}]}}