{"id":117521,"date":"2024-12-16T09:37:16","date_gmt":"2024-12-16T09:37:16","guid":{"rendered":"https:\/\/www.silvian.nl\/product\/blaziken-2\/"},"modified":"2024-12-16T09:37:16","modified_gmt":"2024-12-16T09:37:16","slug":"blaziken-2","status":"publish","type":"product","link":"https:\/\/www.silvian.nl\/fi\/tuote\/blaziken-2\/","title":{"rendered":"Blaziken"},"content":{"rendered":"<p>Discard a Fire Energy from this Pok\u00e9mon. This attack does 20 damage to each of your opponent&#8217;s Benched Pok\u00e9mon. (Don&#8217;t apply Weakness and Resistance for Benched Pok\u00e9mon.)<\/p>\n","protected":false},"excerpt":{"rendered":"<p>When facing a tough foe, it looses flames from its wrists. Its powerful legs let it jump clear over buildings.<\/p>\n","protected":false},"featured_media":117508,"template":"","meta":[],"product_cat":[5288,4493],"product_tag":[],"class_list":{"0":"post-117521","1":"product","2":"type-product","3":"status-publish","4":"has-post-thumbnail","6":"product_cat-dragon-majesty","7":"product_cat-sun-moon","9":"first","10":"outofstock","11":"shipping-taxable","12":"product-type-simple"},"_links":{"self":[{"href":"https:\/\/www.silvian.nl\/fi\/wp-json\/wp\/v2\/product\/117521","targetHints":{"allow":["GET"]}}],"collection":[{"href":"https:\/\/www.silvian.nl\/fi\/wp-json\/wp\/v2\/product"}],"about":[{"href":"https:\/\/www.silvian.nl\/fi\/wp-json\/wp\/v2\/types\/product"}],"wp:featuredmedia":[{"embeddable":true,"href":"https:\/\/www.silvian.nl\/fi\/wp-json\/wp\/v2\/media\/117508"}],"wp:attachment":[{"href":"https:\/\/www.silvian.nl\/fi\/wp-json\/wp\/v2\/media?parent=117521"}],"wp:term":[{"taxonomy":"product_cat","embeddable":true,"href":"https:\/\/www.silvian.nl\/fi\/wp-json\/wp\/v2\/product_cat?post=117521"},{"taxonomy":"product_tag","embeddable":true,"href":"https:\/\/www.silvian.nl\/fi\/wp-json\/wp\/v2\/product_tag?post=117521"}],"curies":[{"name":"wp","href":"https:\/\/api.w.org\/{rel}","templated":true}]}}