{"id":105764,"date":"2024-12-09T12:00:12","date_gmt":"2024-12-09T12:00:12","guid":{"rendered":"https:\/\/www.silvian.nl\/product\/tentacruel-7\/"},"modified":"2024-12-09T12:00:12","modified_gmt":"2024-12-09T12:00:12","slug":"tentacruel-7","status":"publish","type":"product","link":"https:\/\/www.silvian.nl\/fi\/tuote\/tentacruel-7\/","title":{"rendered":"Tentacruel"},"content":{"rendered":"<p>Move an Energy from 1 of your opponent&#8217;s Pok\u00e9mon to another of their Pok\u00e9mon. If you do, put 3 damage counters on the Pok\u00e9mon you moved the Energy to.<\/p>\n","protected":false},"excerpt":{"rendered":"<p>It fires off ultrasonic waves from its red orbs to weaken its prey, and then it wraps them up in its 80 tentacles.<\/p>\n","protected":false},"featured_media":105751,"template":"","meta":[],"product_cat":[4493,5036],"product_tag":[],"class_list":{"0":"post-105764","1":"product","2":"type-product","3":"status-publish","4":"has-post-thumbnail","6":"product_cat-sun-moon","7":"product_cat-unbroken-bonds","9":"first","10":"outofstock","11":"shipping-taxable","12":"product-type-simple"},"_links":{"self":[{"href":"https:\/\/www.silvian.nl\/fi\/wp-json\/wp\/v2\/product\/105764","targetHints":{"allow":["GET"]}}],"collection":[{"href":"https:\/\/www.silvian.nl\/fi\/wp-json\/wp\/v2\/product"}],"about":[{"href":"https:\/\/www.silvian.nl\/fi\/wp-json\/wp\/v2\/types\/product"}],"wp:featuredmedia":[{"embeddable":true,"href":"https:\/\/www.silvian.nl\/fi\/wp-json\/wp\/v2\/media\/105751"}],"wp:attachment":[{"href":"https:\/\/www.silvian.nl\/fi\/wp-json\/wp\/v2\/media?parent=105764"}],"wp:term":[{"taxonomy":"product_cat","embeddable":true,"href":"https:\/\/www.silvian.nl\/fi\/wp-json\/wp\/v2\/product_cat?post=105764"},{"taxonomy":"product_tag","embeddable":true,"href":"https:\/\/www.silvian.nl\/fi\/wp-json\/wp\/v2\/product_tag?post=105764"}],"curies":[{"name":"wp","href":"https:\/\/api.w.org\/{rel}","templated":true}]}}