{"id":103231,"date":"2024-12-09T11:41:18","date_gmt":"2024-12-09T11:41:18","guid":{"rendered":"https:\/\/www.silvian.nl\/product\/nidoking-6\/"},"modified":"2024-12-09T11:41:19","modified_gmt":"2024-12-09T11:41:19","slug":"nidoking-6","status":"publish","type":"product","link":"https:\/\/www.silvian.nl\/fi\/tuote\/nidoking-6\/","title":{"rendered":"Nidoking"},"content":{"rendered":"<p>Switch 1 of your opponent&#8217;s Benched Pok\u00e9mon with their Active Pok\u00e9mon. This attack does 50 damage to the new Active Pok\u00e9mon.<\/p>\n","protected":false},"excerpt":{"rendered":"<p>It is recognized by its rock-hard hide and its extended horn. Be careful with the horn, as it contains venom.<\/p>\n","protected":false},"featured_media":103218,"template":"","meta":[],"product_cat":[4493,4986],"product_tag":[],"class_list":{"0":"post-103231","1":"product","2":"type-product","3":"status-publish","4":"has-post-thumbnail","6":"product_cat-sun-moon","7":"product_cat-team-up","9":"first","10":"outofstock","11":"shipping-taxable","12":"product-type-simple"},"_links":{"self":[{"href":"https:\/\/www.silvian.nl\/fi\/wp-json\/wp\/v2\/product\/103231","targetHints":{"allow":["GET"]}}],"collection":[{"href":"https:\/\/www.silvian.nl\/fi\/wp-json\/wp\/v2\/product"}],"about":[{"href":"https:\/\/www.silvian.nl\/fi\/wp-json\/wp\/v2\/types\/product"}],"wp:featuredmedia":[{"embeddable":true,"href":"https:\/\/www.silvian.nl\/fi\/wp-json\/wp\/v2\/media\/103218"}],"wp:attachment":[{"href":"https:\/\/www.silvian.nl\/fi\/wp-json\/wp\/v2\/media?parent=103231"}],"wp:term":[{"taxonomy":"product_cat","embeddable":true,"href":"https:\/\/www.silvian.nl\/fi\/wp-json\/wp\/v2\/product_cat?post=103231"},{"taxonomy":"product_tag","embeddable":true,"href":"https:\/\/www.silvian.nl\/fi\/wp-json\/wp\/v2\/product_tag?post=103231"}],"curies":[{"name":"wp","href":"https:\/\/api.w.org\/{rel}","templated":true}]}}