{"id":97662,"date":"2024-12-03T10:54:55","date_gmt":"2024-12-03T10:54:55","guid":{"rendered":"https:\/\/www.silvian.nl\/product\/mawile-9\/"},"modified":"2024-12-05T00:57:36","modified_gmt":"2024-12-05T00:57:36","slug":"mawile-9","status":"publish","type":"product","link":"https:\/\/www.silvian.nl\/es\/producto\/mawile-9\/","title":{"rendered":"Mawile"},"content":{"rendered":"<p>Search your deck for an Item card, reveal it, and put it into your hand. Then, shuffle your deck. If that card is a Pok\u00e9mon Tool card, instead of putting it into your hand, you may attach it to 1 of your Pok\u00e9mon that doesn&#8217;t already have a Pok\u00e9mon Tool attached to it.<\/p>\n","protected":false},"excerpt":{"rendered":"<p>Attached to its head is a huge set of jaws formed by horns. It can chew through iron beams.<\/p>\n","protected":false},"featured_media":97649,"template":"","meta":[],"product_cat":[4838,4493],"product_tag":[],"class_list":{"0":"post-97662","1":"product","2":"type-product","3":"status-publish","4":"has-post-thumbnail","6":"product_cat-celestial-storm","7":"product_cat-sun-moon","9":"first","10":"outofstock","11":"shipping-taxable","12":"product-type-simple"},"_links":{"self":[{"href":"https:\/\/www.silvian.nl\/es\/wp-json\/wp\/v2\/product\/97662","targetHints":{"allow":["GET"]}}],"collection":[{"href":"https:\/\/www.silvian.nl\/es\/wp-json\/wp\/v2\/product"}],"about":[{"href":"https:\/\/www.silvian.nl\/es\/wp-json\/wp\/v2\/types\/product"}],"wp:featuredmedia":[{"embeddable":true,"href":"https:\/\/www.silvian.nl\/es\/wp-json\/wp\/v2\/media\/97649"}],"wp:attachment":[{"href":"https:\/\/www.silvian.nl\/es\/wp-json\/wp\/v2\/media?parent=97662"}],"wp:term":[{"taxonomy":"product_cat","embeddable":true,"href":"https:\/\/www.silvian.nl\/es\/wp-json\/wp\/v2\/product_cat?post=97662"},{"taxonomy":"product_tag","embeddable":true,"href":"https:\/\/www.silvian.nl\/es\/wp-json\/wp\/v2\/product_tag?post=97662"}],"curies":[{"name":"wp","href":"https:\/\/api.w.org\/{rel}","templated":true}]}}