{"id":9574,"date":"2024-11-21T13:43:34","date_gmt":"2024-11-21T13:43:34","guid":{"rendered":"https:\/\/www.silvian.nl\/product\/zapdos-6\/"},"modified":"2024-12-04T21:56:13","modified_gmt":"2024-12-04T21:56:13","slug":"zapdos-6","status":"publish","type":"product","link":"https:\/\/www.silvian.nl\/es\/producto\/zapdos-6\/","title":{"rendered":"Zapdos"},"content":{"rendered":"<p>Flip a coin. If heads, and if your opponent has any Benched Pok\u00e9mon, choose 1 of them. This attack does 30 damage to that Pok\u00e9mon. (Don&#8217;t apply Weakness and Resistance for Benched Pok\u00e9mon.) If tails, Zapdos does 30 damage to itself.<\/p>\n","protected":false},"excerpt":{"rendered":"<p>This legendary Pok\u00e9mon is said to be present wherever there is a lightning storm.<\/p>\n","protected":false},"featured_media":9561,"template":"","meta":[],"product_cat":[296,2827],"product_tag":[],"class_list":{"0":"post-9574","1":"product","2":"type-product","3":"status-publish","4":"has-post-thumbnail","6":"product_cat-base","7":"product_cat-wizards-black-star-promos","9":"first","10":"outofstock","11":"shipping-taxable","12":"product-type-simple"},"_links":{"self":[{"href":"https:\/\/www.silvian.nl\/es\/wp-json\/wp\/v2\/product\/9574","targetHints":{"allow":["GET"]}}],"collection":[{"href":"https:\/\/www.silvian.nl\/es\/wp-json\/wp\/v2\/product"}],"about":[{"href":"https:\/\/www.silvian.nl\/es\/wp-json\/wp\/v2\/types\/product"}],"wp:featuredmedia":[{"embeddable":true,"href":"https:\/\/www.silvian.nl\/es\/wp-json\/wp\/v2\/media\/9561"}],"wp:attachment":[{"href":"https:\/\/www.silvian.nl\/es\/wp-json\/wp\/v2\/media?parent=9574"}],"wp:term":[{"taxonomy":"product_cat","embeddable":true,"href":"https:\/\/www.silvian.nl\/es\/wp-json\/wp\/v2\/product_cat?post=9574"},{"taxonomy":"product_tag","embeddable":true,"href":"https:\/\/www.silvian.nl\/es\/wp-json\/wp\/v2\/product_tag?post=9574"}],"curies":[{"name":"wp","href":"https:\/\/api.w.org\/{rel}","templated":true}]}}