{"id":92135,"date":"2024-12-02T11:25:34","date_gmt":"2024-12-02T11:25:34","guid":{"rendered":"https:\/\/www.silvian.nl\/product\/alolan-sandslash-2\/"},"modified":"2024-12-05T00:51:07","modified_gmt":"2024-12-05T00:51:07","slug":"alolan-sandslash-2","status":"publish","type":"product","link":"https:\/\/www.silvian.nl\/es\/producto\/alolan-sandslash-2\/","title":{"rendered":"Alolan Sandslash"},"content":{"rendered":"<p>During your opponent&#8217;s next turn, if this Pok\u00e9mon is damaged by an attack (even if this Pok\u00e9mon is Knocked Out), put 6 damage counters on the Attacking Pok\u00e9mon.<\/p>\n","protected":false},"excerpt":{"rendered":"<p>This Pok\u00e9mon&#8217;s steel spikes are sheathed in ice. Stabs from these spikes cause deep wounds and severe frostbite as well.<\/p>\n","protected":false},"featured_media":92122,"template":"","meta":[],"product_cat":[4493,4716],"product_tag":[],"class_list":{"0":"post-92135","1":"product","2":"type-product","3":"status-publish","4":"has-post-thumbnail","6":"product_cat-sun-moon","7":"product_cat-ultra-prism","9":"first","10":"outofstock","11":"shipping-taxable","12":"product-type-simple"},"_links":{"self":[{"href":"https:\/\/www.silvian.nl\/es\/wp-json\/wp\/v2\/product\/92135","targetHints":{"allow":["GET"]}}],"collection":[{"href":"https:\/\/www.silvian.nl\/es\/wp-json\/wp\/v2\/product"}],"about":[{"href":"https:\/\/www.silvian.nl\/es\/wp-json\/wp\/v2\/types\/product"}],"wp:featuredmedia":[{"embeddable":true,"href":"https:\/\/www.silvian.nl\/es\/wp-json\/wp\/v2\/media\/92122"}],"wp:attachment":[{"href":"https:\/\/www.silvian.nl\/es\/wp-json\/wp\/v2\/media?parent=92135"}],"wp:term":[{"taxonomy":"product_cat","embeddable":true,"href":"https:\/\/www.silvian.nl\/es\/wp-json\/wp\/v2\/product_cat?post=92135"},{"taxonomy":"product_tag","embeddable":true,"href":"https:\/\/www.silvian.nl\/es\/wp-json\/wp\/v2\/product_tag?post=92135"}],"curies":[{"name":"wp","href":"https:\/\/api.w.org\/{rel}","templated":true}]}}