{"id":80468,"date":"2024-11-28T11:59:13","date_gmt":"2024-11-28T11:59:13","guid":{"rendered":"https:\/\/www.silvian.nl\/product\/sigilyph-5\/"},"modified":"2024-12-05T00:28:19","modified_gmt":"2024-12-05T00:28:19","slug":"sigilyph-5","status":"publish","type":"product","link":"https:\/\/www.silvian.nl\/es\/producto\/sigilyph-5\/","title":{"rendered":"Sigilyph"},"content":{"rendered":"<p>Search your deck for a Basic Pok\u00e9mon and put it onto your Bench. Then, shuffle your deck. If your opponent&#8217;s Active Pok\u00e9mon is a Pok\u00e9mon V, you may put up to 5 Basic Pok\u00e9mon onto your Bench in this way instead.<\/p>\n","protected":false},"excerpt":{"rendered":"<p>Psychic power allows these Pok\u00e9mon to fly. Some say they were the guardians of an ancient city. Others say they were the guardians&#8217; emissaries.<\/p>\n","protected":false},"featured_media":80455,"template":"","meta":[],"product_cat":[4398,2971],"product_tag":[],"class_list":{"0":"post-80468","1":"product","2":"type-product","3":"status-publish","4":"has-post-thumbnail","6":"product_cat-silver-tempest","7":"product_cat-sword-shield","9":"first","10":"outofstock","11":"shipping-taxable","12":"product-type-simple"},"_links":{"self":[{"href":"https:\/\/www.silvian.nl\/es\/wp-json\/wp\/v2\/product\/80468","targetHints":{"allow":["GET"]}}],"collection":[{"href":"https:\/\/www.silvian.nl\/es\/wp-json\/wp\/v2\/product"}],"about":[{"href":"https:\/\/www.silvian.nl\/es\/wp-json\/wp\/v2\/types\/product"}],"wp:featuredmedia":[{"embeddable":true,"href":"https:\/\/www.silvian.nl\/es\/wp-json\/wp\/v2\/media\/80455"}],"wp:attachment":[{"href":"https:\/\/www.silvian.nl\/es\/wp-json\/wp\/v2\/media?parent=80468"}],"wp:term":[{"taxonomy":"product_cat","embeddable":true,"href":"https:\/\/www.silvian.nl\/es\/wp-json\/wp\/v2\/product_cat?post=80468"},{"taxonomy":"product_tag","embeddable":true,"href":"https:\/\/www.silvian.nl\/es\/wp-json\/wp\/v2\/product_tag?post=80468"}],"curies":[{"name":"wp","href":"https:\/\/api.w.org\/{rel}","templated":true}]}}