{"id":78817,"date":"2024-11-28T11:22:46","date_gmt":"2024-11-28T11:22:46","guid":{"rendered":"https:\/\/www.silvian.nl\/product\/magnezone-v-2\/"},"modified":"2024-12-05T00:25:46","modified_gmt":"2024-12-05T00:25:46","slug":"magnezone-v-2","status":"publish","type":"product","link":"https:\/\/www.silvian.nl\/es\/producto\/magnezone-v-2\/","title":{"rendered":"Magnezone V"},"content":{"rendered":"<p>Switch 1 of your opponent&#8217;s Benched Pok\u00e9mon with their Active Pok\u00e9mon. This attack does 40 damage to the new Active Pok\u00e9mon.<\/p>\n","protected":false},"excerpt":{"rendered":"<p>Switch 1 of your opponent&#8217;s Benched Pok\u00e9mon with their Active Pok\u00e9mon. This attack does 40 damage to the new Active Pok\u00e9mon.<\/p>\n","protected":false},"featured_media":78804,"template":"","meta":[],"product_cat":[4308,2971],"product_tag":[],"class_list":{"0":"post-78817","1":"product","2":"type-product","3":"status-publish","4":"has-post-thumbnail","6":"product_cat-lost-origin","7":"product_cat-sword-shield","9":"first","10":"outofstock","11":"shipping-taxable","12":"product-type-simple"},"_links":{"self":[{"href":"https:\/\/www.silvian.nl\/es\/wp-json\/wp\/v2\/product\/78817","targetHints":{"allow":["GET"]}}],"collection":[{"href":"https:\/\/www.silvian.nl\/es\/wp-json\/wp\/v2\/product"}],"about":[{"href":"https:\/\/www.silvian.nl\/es\/wp-json\/wp\/v2\/types\/product"}],"wp:featuredmedia":[{"embeddable":true,"href":"https:\/\/www.silvian.nl\/es\/wp-json\/wp\/v2\/media\/78804"}],"wp:attachment":[{"href":"https:\/\/www.silvian.nl\/es\/wp-json\/wp\/v2\/media?parent=78817"}],"wp:term":[{"taxonomy":"product_cat","embeddable":true,"href":"https:\/\/www.silvian.nl\/es\/wp-json\/wp\/v2\/product_cat?post=78817"},{"taxonomy":"product_tag","embeddable":true,"href":"https:\/\/www.silvian.nl\/es\/wp-json\/wp\/v2\/product_tag?post=78817"}],"curies":[{"name":"wp","href":"https:\/\/api.w.org\/{rel}","templated":true}]}}