{"id":76507,"date":"2024-11-28T10:27:26","date_gmt":"2024-11-28T10:27:26","guid":{"rendered":"https:\/\/www.silvian.nl\/product\/dustox\/"},"modified":"2024-12-05T00:23:12","modified_gmt":"2024-12-05T00:23:12","slug":"dustox","status":"publish","type":"product","link":"https:\/\/www.silvian.nl\/es\/producto\/dustox\/","title":{"rendered":"Dustox"},"content":{"rendered":"<p>Your opponent&#8217;s Active Pok\u00e9mon is now Confused and Poisoned. During Pok\u00e9mon Checkup, put 8 damage counters on that Pok\u00e9mon instead of 1.<\/p>\n","protected":false},"excerpt":{"rendered":"<p>Tends to be drawn to bonfires on dark nights. Difficult to chase away from settlements because of the way it scatters highly toxic scales.<\/p>\n","protected":false},"featured_media":76494,"template":"","meta":[],"product_cat":[4308,2971],"product_tag":[],"class_list":{"0":"post-76507","1":"product","2":"type-product","3":"status-publish","4":"has-post-thumbnail","6":"product_cat-lost-origin","7":"product_cat-sword-shield","9":"first","10":"outofstock","11":"shipping-taxable","12":"product-type-simple"},"_links":{"self":[{"href":"https:\/\/www.silvian.nl\/es\/wp-json\/wp\/v2\/product\/76507","targetHints":{"allow":["GET"]}}],"collection":[{"href":"https:\/\/www.silvian.nl\/es\/wp-json\/wp\/v2\/product"}],"about":[{"href":"https:\/\/www.silvian.nl\/es\/wp-json\/wp\/v2\/types\/product"}],"wp:featuredmedia":[{"embeddable":true,"href":"https:\/\/www.silvian.nl\/es\/wp-json\/wp\/v2\/media\/76494"}],"wp:attachment":[{"href":"https:\/\/www.silvian.nl\/es\/wp-json\/wp\/v2\/media?parent=76507"}],"wp:term":[{"taxonomy":"product_cat","embeddable":true,"href":"https:\/\/www.silvian.nl\/es\/wp-json\/wp\/v2\/product_cat?post=76507"},{"taxonomy":"product_tag","embeddable":true,"href":"https:\/\/www.silvian.nl\/es\/wp-json\/wp\/v2\/product_tag?post=76507"}],"curies":[{"name":"wp","href":"https:\/\/api.w.org\/{rel}","templated":true}]}}