{"id":73357,"date":"2024-11-27T19:29:13","date_gmt":"2024-11-27T19:29:13","guid":{"rendered":"https:\/\/www.silvian.nl\/product\/hisuian-voltorb\/"},"modified":"2024-12-05T00:17:49","modified_gmt":"2024-12-05T00:17:49","slug":"hisuian-voltorb","status":"publish","type":"product","link":"https:\/\/www.silvian.nl\/es\/producto\/hisuian-voltorb\/","title":{"rendered":"Hisuian Voltorb"},"content":{"rendered":"<p>You can use this attack only if you go second, and only during your first turn. Choose up to 2 of your Benched Pok\u00e9mon. For each of those Pok\u00e9mon, search your deck for a basic Energy card and attach it to that Pok\u00e9mon. Then, shuffle your deck.<\/p>\n","protected":false},"excerpt":{"rendered":"<p>An enigmatic Pok\u00e9mon that happens to bear a resemblance to a Pok\u00e9 Ball. When excited, it discharges the electric current it has stored in its belly, then lets out a great, uproarious laugh.<\/p>\n","protected":false},"featured_media":73344,"template":"","meta":[],"product_cat":[4198,2971],"product_tag":[],"class_list":{"0":"post-73357","1":"product","2":"type-product","3":"status-publish","4":"has-post-thumbnail","6":"product_cat-astral-radiance","7":"product_cat-sword-shield","9":"first","10":"outofstock","11":"shipping-taxable","12":"product-type-simple"},"_links":{"self":[{"href":"https:\/\/www.silvian.nl\/es\/wp-json\/wp\/v2\/product\/73357","targetHints":{"allow":["GET"]}}],"collection":[{"href":"https:\/\/www.silvian.nl\/es\/wp-json\/wp\/v2\/product"}],"about":[{"href":"https:\/\/www.silvian.nl\/es\/wp-json\/wp\/v2\/types\/product"}],"wp:featuredmedia":[{"embeddable":true,"href":"https:\/\/www.silvian.nl\/es\/wp-json\/wp\/v2\/media\/73344"}],"wp:attachment":[{"href":"https:\/\/www.silvian.nl\/es\/wp-json\/wp\/v2\/media?parent=73357"}],"wp:term":[{"taxonomy":"product_cat","embeddable":true,"href":"https:\/\/www.silvian.nl\/es\/wp-json\/wp\/v2\/product_cat?post=73357"},{"taxonomy":"product_tag","embeddable":true,"href":"https:\/\/www.silvian.nl\/es\/wp-json\/wp\/v2\/product_tag?post=73357"}],"curies":[{"name":"wp","href":"https:\/\/api.w.org\/{rel}","templated":true}]}}