{"id":71120,"date":"2024-11-27T14:15:53","date_gmt":"2024-11-27T14:15:53","guid":{"rendered":"https:\/\/www.silvian.nl\/product\/lapras-10\/"},"modified":"2024-12-05T00:14:27","modified_gmt":"2024-12-05T00:14:27","slug":"lapras-10","status":"publish","type":"product","link":"https:\/\/www.silvian.nl\/es\/producto\/lapras-10\/","title":{"rendered":"Lapras"},"content":{"rendered":"<p>If any of your Pok\u00e9mon were Knocked Out by damage from an attack from your opponent&#8217;s Pok\u00e9mon during their last turn, your opponent&#8217;s Active Pok\u00e9mon is now Paralyzed.<\/p>\n","protected":false},"excerpt":{"rendered":"<p>A smart and kindhearted Pok\u00e9mon, it glides across the surface of the sea while its beautiful song echoes around it.<\/p>\n","protected":false},"featured_media":71107,"template":"","meta":[],"product_cat":[4106,2971],"product_tag":[],"class_list":{"0":"post-71120","1":"product","2":"type-product","3":"status-publish","4":"has-post-thumbnail","6":"product_cat-brilliant-stars","7":"product_cat-sword-shield","9":"first","10":"outofstock","11":"shipping-taxable","12":"product-type-simple"},"_links":{"self":[{"href":"https:\/\/www.silvian.nl\/es\/wp-json\/wp\/v2\/product\/71120","targetHints":{"allow":["GET"]}}],"collection":[{"href":"https:\/\/www.silvian.nl\/es\/wp-json\/wp\/v2\/product"}],"about":[{"href":"https:\/\/www.silvian.nl\/es\/wp-json\/wp\/v2\/types\/product"}],"wp:featuredmedia":[{"embeddable":true,"href":"https:\/\/www.silvian.nl\/es\/wp-json\/wp\/v2\/media\/71107"}],"wp:attachment":[{"href":"https:\/\/www.silvian.nl\/es\/wp-json\/wp\/v2\/media?parent=71120"}],"wp:term":[{"taxonomy":"product_cat","embeddable":true,"href":"https:\/\/www.silvian.nl\/es\/wp-json\/wp\/v2\/product_cat?post=71120"},{"taxonomy":"product_tag","embeddable":true,"href":"https:\/\/www.silvian.nl\/es\/wp-json\/wp\/v2\/product_tag?post=71120"}],"curies":[{"name":"wp","href":"https:\/\/api.w.org\/{rel}","templated":true}]}}