{"id":68391,"date":"2024-11-27T12:50:06","date_gmt":"2024-11-27T12:50:06","guid":{"rendered":"https:\/\/www.silvian.nl\/product\/musharna-2\/"},"modified":"2024-12-05T00:09:25","modified_gmt":"2024-12-05T00:09:25","slug":"musharna-2","status":"publish","type":"product","link":"https:\/\/www.silvian.nl\/es\/producto\/musharna-2\/","title":{"rendered":"Musharna"},"content":{"rendered":"<p>Switch 1 of your opponent&#8217;s Benched Pok\u00e9mon with their Active Pok\u00e9mon. The new Active Pok\u00e9mon is now Asleep.<\/p>\n","protected":false},"excerpt":{"rendered":"<p>It drowses and dreams all the time. It&#8217;s best to leave it be if it&#8217;s just woken up, as it&#8217;s a terrible grump when freshly roused from sleep.<\/p>\n","protected":false},"featured_media":68378,"template":"","meta":[],"product_cat":[3975,2971],"product_tag":[],"class_list":{"0":"post-68391","1":"product","2":"type-product","3":"status-publish","4":"has-post-thumbnail","6":"product_cat-fusion-strike","7":"product_cat-sword-shield","9":"first","10":"outofstock","11":"shipping-taxable","12":"product-type-simple"},"_links":{"self":[{"href":"https:\/\/www.silvian.nl\/es\/wp-json\/wp\/v2\/product\/68391","targetHints":{"allow":["GET"]}}],"collection":[{"href":"https:\/\/www.silvian.nl\/es\/wp-json\/wp\/v2\/product"}],"about":[{"href":"https:\/\/www.silvian.nl\/es\/wp-json\/wp\/v2\/types\/product"}],"wp:featuredmedia":[{"embeddable":true,"href":"https:\/\/www.silvian.nl\/es\/wp-json\/wp\/v2\/media\/68378"}],"wp:attachment":[{"href":"https:\/\/www.silvian.nl\/es\/wp-json\/wp\/v2\/media?parent=68391"}],"wp:term":[{"taxonomy":"product_cat","embeddable":true,"href":"https:\/\/www.silvian.nl\/es\/wp-json\/wp\/v2\/product_cat?post=68391"},{"taxonomy":"product_tag","embeddable":true,"href":"https:\/\/www.silvian.nl\/es\/wp-json\/wp\/v2\/product_tag?post=68391"}],"curies":[{"name":"wp","href":"https:\/\/api.w.org\/{rel}","templated":true}]}}