{"id":64333,"date":"2024-11-27T08:33:04","date_gmt":"2024-11-27T08:33:04","guid":{"rendered":"https:\/\/www.silvian.nl\/product\/flabebe-3\/"},"modified":"2024-12-05T00:02:26","modified_gmt":"2024-12-05T00:02:26","slug":"flabebe-3","status":"publish","type":"product","link":"https:\/\/www.silvian.nl\/es\/producto\/flabebe-3\/","title":{"rendered":"Flab\u00e9b\u00e9"},"content":{"rendered":"<p>Your opponent&#8217;s Active Pok\u00e9mon is now Asleep.<\/p>\n","protected":false},"excerpt":{"rendered":"<p>Flab\u00e9b\u00e9 wears a crown made from pollen it&#8217;s collected from its flower. The crown has hidden healing properties.<\/p>\n","protected":false},"featured_media":64320,"template":"","meta":[],"product_cat":[3866,2971],"product_tag":[],"class_list":{"0":"post-64333","1":"product","2":"type-product","3":"status-publish","4":"has-post-thumbnail","6":"product_cat-evolving-skies","7":"product_cat-sword-shield","9":"first","10":"outofstock","11":"shipping-taxable","12":"product-type-simple"},"_links":{"self":[{"href":"https:\/\/www.silvian.nl\/es\/wp-json\/wp\/v2\/product\/64333","targetHints":{"allow":["GET"]}}],"collection":[{"href":"https:\/\/www.silvian.nl\/es\/wp-json\/wp\/v2\/product"}],"about":[{"href":"https:\/\/www.silvian.nl\/es\/wp-json\/wp\/v2\/types\/product"}],"wp:featuredmedia":[{"embeddable":true,"href":"https:\/\/www.silvian.nl\/es\/wp-json\/wp\/v2\/media\/64320"}],"wp:attachment":[{"href":"https:\/\/www.silvian.nl\/es\/wp-json\/wp\/v2\/media?parent=64333"}],"wp:term":[{"taxonomy":"product_cat","embeddable":true,"href":"https:\/\/www.silvian.nl\/es\/wp-json\/wp\/v2\/product_cat?post=64333"},{"taxonomy":"product_tag","embeddable":true,"href":"https:\/\/www.silvian.nl\/es\/wp-json\/wp\/v2\/product_tag?post=64333"}],"curies":[{"name":"wp","href":"https:\/\/api.w.org\/{rel}","templated":true}]}}