{"id":64039,"date":"2024-11-27T08:28:17","date_gmt":"2024-11-27T08:28:17","guid":{"rendered":"https:\/\/www.silvian.nl\/product\/raichu-12\/"},"modified":"2024-12-05T00:02:00","modified_gmt":"2024-12-05T00:02:00","slug":"raichu-12","status":"publish","type":"product","link":"https:\/\/www.silvian.nl\/es\/producto\/raichu-12\/","title":{"rendered":"Raichu"},"content":{"rendered":"<p>This attack does 50 damage to each Pok\u00e9mon V and Pok\u00e9mon-GX (both yours and your opponent&#8217;s). (Don&#8217;t apply Weakness and Resistance for Benched Pok\u00e9mon.)<\/p>\n","protected":false},"excerpt":{"rendered":"<p>If its electric pouches run empty, it raises its tail to gather electricity from the atmosphere.<\/p>\n","protected":false},"featured_media":64026,"template":"","meta":[],"product_cat":[3866,2971],"product_tag":[],"class_list":{"0":"post-64039","1":"product","2":"type-product","3":"status-publish","4":"has-post-thumbnail","6":"product_cat-evolving-skies","7":"product_cat-sword-shield","9":"first","10":"outofstock","11":"shipping-taxable","12":"product-type-simple"},"_links":{"self":[{"href":"https:\/\/www.silvian.nl\/es\/wp-json\/wp\/v2\/product\/64039","targetHints":{"allow":["GET"]}}],"collection":[{"href":"https:\/\/www.silvian.nl\/es\/wp-json\/wp\/v2\/product"}],"about":[{"href":"https:\/\/www.silvian.nl\/es\/wp-json\/wp\/v2\/types\/product"}],"wp:featuredmedia":[{"embeddable":true,"href":"https:\/\/www.silvian.nl\/es\/wp-json\/wp\/v2\/media\/64026"}],"wp:attachment":[{"href":"https:\/\/www.silvian.nl\/es\/wp-json\/wp\/v2\/media?parent=64039"}],"wp:term":[{"taxonomy":"product_cat","embeddable":true,"href":"https:\/\/www.silvian.nl\/es\/wp-json\/wp\/v2\/product_cat?post=64039"},{"taxonomy":"product_tag","embeddable":true,"href":"https:\/\/www.silvian.nl\/es\/wp-json\/wp\/v2\/product_tag?post=64039"}],"curies":[{"name":"wp","href":"https:\/\/api.w.org\/{rel}","templated":true}]}}