{"id":61464,"date":"2024-11-27T07:51:27","date_gmt":"2024-11-27T07:51:27","guid":{"rendered":"https:\/\/www.silvian.nl\/product\/galarian-slowking-vmax\/"},"modified":"2024-12-04T23:57:49","modified_gmt":"2024-12-04T23:57:49","slug":"galarian-slowking-vmax","status":"publish","type":"product","link":"https:\/\/www.silvian.nl\/es\/producto\/galarian-slowking-vmax\/","title":{"rendered":"Galarian Slowking VMAX"},"content":{"rendered":"<p>Your opponent&#8217;s Active Pok\u00e9mon is now Poisoned. During Pok\u00e9mon Checkup, put 12 damage counters on that Pok\u00e9mon instead of 1.<\/p>\n","protected":false},"excerpt":{"rendered":"<p>Your opponent&#8217;s Active Pok\u00e9mon is now Poisoned. During Pok\u00e9mon Checkup, put 12 damage counters on that Pok\u00e9mon instead of 1.<\/p>\n","protected":false},"featured_media":61451,"template":"","meta":[],"product_cat":[3785,2971],"product_tag":[],"class_list":{"0":"post-61464","1":"product","2":"type-product","3":"status-publish","4":"has-post-thumbnail","6":"product_cat-chilling-reign","7":"product_cat-sword-shield","9":"first","10":"outofstock","11":"shipping-taxable","12":"product-type-simple"},"_links":{"self":[{"href":"https:\/\/www.silvian.nl\/es\/wp-json\/wp\/v2\/product\/61464","targetHints":{"allow":["GET"]}}],"collection":[{"href":"https:\/\/www.silvian.nl\/es\/wp-json\/wp\/v2\/product"}],"about":[{"href":"https:\/\/www.silvian.nl\/es\/wp-json\/wp\/v2\/types\/product"}],"wp:featuredmedia":[{"embeddable":true,"href":"https:\/\/www.silvian.nl\/es\/wp-json\/wp\/v2\/media\/61451"}],"wp:attachment":[{"href":"https:\/\/www.silvian.nl\/es\/wp-json\/wp\/v2\/media?parent=61464"}],"wp:term":[{"taxonomy":"product_cat","embeddable":true,"href":"https:\/\/www.silvian.nl\/es\/wp-json\/wp\/v2\/product_cat?post=61464"},{"taxonomy":"product_tag","embeddable":true,"href":"https:\/\/www.silvian.nl\/es\/wp-json\/wp\/v2\/product_tag?post=61464"}],"curies":[{"name":"wp","href":"https:\/\/api.w.org\/{rel}","templated":true}]}}