{"id":55169,"date":"2024-11-26T10:38:42","date_gmt":"2024-11-26T10:38:42","guid":{"rendered":"https:\/\/www.silvian.nl\/product\/barraskewda-2\/"},"modified":"2024-12-04T23:49:56","modified_gmt":"2024-12-04T23:49:56","slug":"barraskewda-2","status":"publish","type":"product","link":"https:\/\/www.silvian.nl\/es\/producto\/barraskewda-2\/","title":{"rendered":"Barraskewda"},"content":{"rendered":"<p>This attack does 20 damage to 1 of your opponent&#8217;s Benched Pok\u00e9mon for each damage counter on that Pok\u00e9mon. (Don&#8217;t apply Weakness and Resistance for Benched Pok\u00e9mon.)<\/p>\n","protected":false},"excerpt":{"rendered":"<p>This Pok\u00e9mon has a jaw that&#8217;s as sharp as a spear and as strong as steel. Apparently Barraskewda&#8217;s flesh is surprisingly tasty, too.<\/p>\n","protected":false},"featured_media":55156,"template":"","meta":[],"product_cat":[2971,3591],"product_tag":[],"class_list":{"0":"post-55169","1":"product","2":"type-product","3":"status-publish","4":"has-post-thumbnail","6":"product_cat-sword-shield","7":"product_cat-vivid-voltage","9":"first","10":"outofstock","11":"shipping-taxable","12":"product-type-simple"},"_links":{"self":[{"href":"https:\/\/www.silvian.nl\/es\/wp-json\/wp\/v2\/product\/55169","targetHints":{"allow":["GET"]}}],"collection":[{"href":"https:\/\/www.silvian.nl\/es\/wp-json\/wp\/v2\/product"}],"about":[{"href":"https:\/\/www.silvian.nl\/es\/wp-json\/wp\/v2\/types\/product"}],"wp:featuredmedia":[{"embeddable":true,"href":"https:\/\/www.silvian.nl\/es\/wp-json\/wp\/v2\/media\/55156"}],"wp:attachment":[{"href":"https:\/\/www.silvian.nl\/es\/wp-json\/wp\/v2\/media?parent=55169"}],"wp:term":[{"taxonomy":"product_cat","embeddable":true,"href":"https:\/\/www.silvian.nl\/es\/wp-json\/wp\/v2\/product_cat?post=55169"},{"taxonomy":"product_tag","embeddable":true,"href":"https:\/\/www.silvian.nl\/es\/wp-json\/wp\/v2\/product_tag?post=55169"}],"curies":[{"name":"wp","href":"https:\/\/api.w.org\/{rel}","templated":true}]}}