{"id":44182,"date":"2024-11-25T16:44:13","date_gmt":"2024-11-25T16:44:13","guid":{"rendered":"https:\/\/www.silvian.nl\/product\/bouffalant-3\/"},"modified":"2024-12-04T23:18:56","modified_gmt":"2024-12-04T23:18:56","slug":"bouffalant-3","status":"publish","type":"product","link":"https:\/\/www.silvian.nl\/es\/producto\/bouffalant-3\/","title":{"rendered":"Bouffalant"},"content":{"rendered":"<p>During your opponent&#8217;s next turn, if this Pok\u00e9mon is damaged by an attack (even if this Pok\u00e9mon is Knocked Out), put 6 damage counters on the Attacking Pok\u00e9mon.<\/p>\n","protected":false},"excerpt":{"rendered":"<p>During your opponent&#8217;s next turn, if this Pok\u00e9mon is damaged by an attack (even if this Pok\u00e9mon is Knocked Out), put 6 damage counters on the Attacking Pok\u00e9mon.<\/p>\n","protected":false},"featured_media":44169,"template":"","meta":[],"product_cat":[999,3066],"product_tag":[],"class_list":{"0":"post-44182","1":"product","2":"type-product","3":"status-publish","4":"has-post-thumbnail","6":"product_cat-scarlet-violet","7":"product_cat-surging-sparks","9":"first","10":"outofstock","11":"shipping-taxable","12":"product-type-simple"},"_links":{"self":[{"href":"https:\/\/www.silvian.nl\/es\/wp-json\/wp\/v2\/product\/44182","targetHints":{"allow":["GET"]}}],"collection":[{"href":"https:\/\/www.silvian.nl\/es\/wp-json\/wp\/v2\/product"}],"about":[{"href":"https:\/\/www.silvian.nl\/es\/wp-json\/wp\/v2\/types\/product"}],"wp:featuredmedia":[{"embeddable":true,"href":"https:\/\/www.silvian.nl\/es\/wp-json\/wp\/v2\/media\/44169"}],"wp:attachment":[{"href":"https:\/\/www.silvian.nl\/es\/wp-json\/wp\/v2\/media?parent=44182"}],"wp:term":[{"taxonomy":"product_cat","embeddable":true,"href":"https:\/\/www.silvian.nl\/es\/wp-json\/wp\/v2\/product_cat?post=44182"},{"taxonomy":"product_tag","embeddable":true,"href":"https:\/\/www.silvian.nl\/es\/wp-json\/wp\/v2\/product_tag?post=44182"}],"curies":[{"name":"wp","href":"https:\/\/api.w.org\/{rel}","templated":true}]}}