{"id":3856,"date":"2024-11-20T13:20:54","date_gmt":"2024-11-20T13:20:54","guid":{"rendered":"https:\/\/www.silvian.nl\/product\/raichu-2\/"},"modified":"2024-12-04T21:35:05","modified_gmt":"2024-12-04T21:35:05","slug":"raichu-2","status":"publish","type":"product","link":"https:\/\/www.silvian.nl\/es\/producto\/raichu-2\/","title":{"rendered":"Raichu"},"content":{"rendered":"<p>Choose 3 of your opponent&#8217;s Benched Pok\u00e9mon and this attack does 10 damage to each of them. (Don&#8217;t apply Weakness and Resistance for Benched Pok\u00e9mon.) If your opponent has fewer than 3 Benched Pok\u00e9mon, do the damage to each of them.<\/p>\n","protected":false},"excerpt":{"rendered":"<p>Its long tail serves as a ground to protect itself from its own high-voltage power.<\/p>\n","protected":false},"featured_media":3843,"template":"","meta":[],"product_cat":[296,2823],"product_tag":[],"class_list":{"0":"post-3856","1":"product","2":"type-product","3":"status-publish","4":"has-post-thumbnail","6":"product_cat-base","7":"product_cat-base-set-3","9":"first","10":"outofstock","11":"shipping-taxable","12":"product-type-simple"},"_links":{"self":[{"href":"https:\/\/www.silvian.nl\/es\/wp-json\/wp\/v2\/product\/3856","targetHints":{"allow":["GET"]}}],"collection":[{"href":"https:\/\/www.silvian.nl\/es\/wp-json\/wp\/v2\/product"}],"about":[{"href":"https:\/\/www.silvian.nl\/es\/wp-json\/wp\/v2\/types\/product"}],"wp:featuredmedia":[{"embeddable":true,"href":"https:\/\/www.silvian.nl\/es\/wp-json\/wp\/v2\/media\/3843"}],"wp:attachment":[{"href":"https:\/\/www.silvian.nl\/es\/wp-json\/wp\/v2\/media?parent=3856"}],"wp:term":[{"taxonomy":"product_cat","embeddable":true,"href":"https:\/\/www.silvian.nl\/es\/wp-json\/wp\/v2\/product_cat?post=3856"},{"taxonomy":"product_tag","embeddable":true,"href":"https:\/\/www.silvian.nl\/es\/wp-json\/wp\/v2\/product_tag?post=3856"}],"curies":[{"name":"wp","href":"https:\/\/api.w.org\/{rel}","templated":true}]}}