{"id":38172,"date":"2024-11-25T09:59:52","date_gmt":"2024-11-25T09:59:52","guid":{"rendered":"https:\/\/www.silvian.nl\/product\/crobat-2\/"},"modified":"2024-12-04T23:00:29","modified_gmt":"2024-12-04T23:00:29","slug":"crobat-2","status":"publish","type":"product","link":"https:\/\/www.silvian.nl\/es\/producto\/crobat-2\/","title":{"rendered":"Crobat"},"content":{"rendered":"<p>Your opponent&#8217;s Active Pok\u00e9mon is now Poisoned. During Pok\u00e9mon Checkup, put 2 damage counters on that Pok\u00e9mon instead of 1.<\/p>\n","protected":false},"excerpt":{"rendered":"<p>Your opponent&#8217;s Active Pok\u00e9mon is now Poisoned. During Pok\u00e9mon Checkup, put 2 damage counters on that Pok\u00e9mon instead of 1.<\/p>\n","protected":false},"featured_media":38159,"template":"","meta":[],"product_cat":[999,2828],"product_tag":[],"class_list":{"0":"post-38172","1":"product","2":"type-product","3":"status-publish","4":"has-post-thumbnail","6":"product_cat-scarlet-violet","7":"product_cat-shrouded-fable","9":"first","10":"outofstock","11":"shipping-taxable","12":"product-type-simple"},"_links":{"self":[{"href":"https:\/\/www.silvian.nl\/es\/wp-json\/wp\/v2\/product\/38172","targetHints":{"allow":["GET"]}}],"collection":[{"href":"https:\/\/www.silvian.nl\/es\/wp-json\/wp\/v2\/product"}],"about":[{"href":"https:\/\/www.silvian.nl\/es\/wp-json\/wp\/v2\/types\/product"}],"wp:featuredmedia":[{"embeddable":true,"href":"https:\/\/www.silvian.nl\/es\/wp-json\/wp\/v2\/media\/38159"}],"wp:attachment":[{"href":"https:\/\/www.silvian.nl\/es\/wp-json\/wp\/v2\/media?parent=38172"}],"wp:term":[{"taxonomy":"product_cat","embeddable":true,"href":"https:\/\/www.silvian.nl\/es\/wp-json\/wp\/v2\/product_cat?post=38172"},{"taxonomy":"product_tag","embeddable":true,"href":"https:\/\/www.silvian.nl\/es\/wp-json\/wp\/v2\/product_tag?post=38172"}],"curies":[{"name":"wp","href":"https:\/\/api.w.org\/{rel}","templated":true}]}}