{"id":35676,"date":"2024-11-24T15:21:35","date_gmt":"2024-11-24T15:21:35","guid":{"rendered":"https:\/\/www.silvian.nl\/product\/flabebe-2\/"},"modified":"2024-12-04T22:54:50","modified_gmt":"2024-12-04T22:54:50","slug":"flabebe-2","status":"publish","type":"product","link":"https:\/\/www.silvian.nl\/es\/producto\/flabebe-2\/","title":{"rendered":"Flab\u00e9b\u00e9"},"content":{"rendered":"<p>Heal 30 damage from 1 of your Pok\u00e9mon.<\/p>\n","protected":false},"excerpt":{"rendered":"<p>This Flab\u00e9b\u00e9 rides a red flower. Immediately after birth, this Pok\u00e9mon begins flying around in search of a flower it likes.<\/p>\n","protected":false},"featured_media":35663,"template":"","meta":[],"product_cat":[999,2625],"product_tag":[],"class_list":{"0":"post-35676","1":"product","2":"type-product","3":"status-publish","4":"has-post-thumbnail","6":"product_cat-scarlet-violet","7":"product_cat-twilight-masquerade","9":"first","10":"outofstock","11":"shipping-taxable","12":"product-type-simple"},"_links":{"self":[{"href":"https:\/\/www.silvian.nl\/es\/wp-json\/wp\/v2\/product\/35676","targetHints":{"allow":["GET"]}}],"collection":[{"href":"https:\/\/www.silvian.nl\/es\/wp-json\/wp\/v2\/product"}],"about":[{"href":"https:\/\/www.silvian.nl\/es\/wp-json\/wp\/v2\/types\/product"}],"wp:featuredmedia":[{"embeddable":true,"href":"https:\/\/www.silvian.nl\/es\/wp-json\/wp\/v2\/media\/35663"}],"wp:attachment":[{"href":"https:\/\/www.silvian.nl\/es\/wp-json\/wp\/v2\/media?parent=35676"}],"wp:term":[{"taxonomy":"product_cat","embeddable":true,"href":"https:\/\/www.silvian.nl\/es\/wp-json\/wp\/v2\/product_cat?post=35676"},{"taxonomy":"product_tag","embeddable":true,"href":"https:\/\/www.silvian.nl\/es\/wp-json\/wp\/v2\/product_tag?post=35676"}],"curies":[{"name":"wp","href":"https:\/\/api.w.org\/{rel}","templated":true}]}}