{"id":29632,"date":"2024-11-24T10:06:01","date_gmt":"2024-11-24T10:06:01","guid":{"rendered":"https:\/\/www.silvian.nl\/product\/finizen-3\/"},"modified":"2024-12-04T22:43:24","modified_gmt":"2024-12-04T22:43:24","slug":"finizen-3","status":"publish","type":"product","link":"https:\/\/www.silvian.nl\/es\/producto\/finizen-3\/","title":{"rendered":"Finizen"},"content":{"rendered":"<p>Switch this Pok\u00e9mon with 1 of your Benched Pok\u00e9mon. If you do, search your deck for a card that evolves from this Pok\u00e9mon and put it onto this Pok\u00e9mon to evolve it. Then, shuffle your deck.<\/p>\n","protected":false},"excerpt":{"rendered":"<p>It likes playing with others of its kind using the water ring on its tail. It uses ultrasonic waves to sense the emotions of other living creatures.<\/p>\n","protected":false},"featured_media":29619,"template":"","meta":[],"product_cat":[2371,999],"product_tag":[],"class_list":{"0":"post-29632","1":"product","2":"type-product","3":"status-publish","4":"has-post-thumbnail","6":"product_cat-paldean-fates","7":"product_cat-scarlet-violet","9":"first","10":"outofstock","11":"shipping-taxable","12":"product-type-simple"},"_links":{"self":[{"href":"https:\/\/www.silvian.nl\/es\/wp-json\/wp\/v2\/product\/29632","targetHints":{"allow":["GET"]}}],"collection":[{"href":"https:\/\/www.silvian.nl\/es\/wp-json\/wp\/v2\/product"}],"about":[{"href":"https:\/\/www.silvian.nl\/es\/wp-json\/wp\/v2\/types\/product"}],"wp:featuredmedia":[{"embeddable":true,"href":"https:\/\/www.silvian.nl\/es\/wp-json\/wp\/v2\/media\/29619"}],"wp:attachment":[{"href":"https:\/\/www.silvian.nl\/es\/wp-json\/wp\/v2\/media?parent=29632"}],"wp:term":[{"taxonomy":"product_cat","embeddable":true,"href":"https:\/\/www.silvian.nl\/es\/wp-json\/wp\/v2\/product_cat?post=29632"},{"taxonomy":"product_tag","embeddable":true,"href":"https:\/\/www.silvian.nl\/es\/wp-json\/wp\/v2\/product_tag?post=29632"}],"curies":[{"name":"wp","href":"https:\/\/api.w.org\/{rel}","templated":true}]}}