{"id":139636,"date":"2024-12-20T12:41:40","date_gmt":"2024-12-20T12:41:40","guid":{"rendered":"https:\/\/www.silvian.nl\/product\/hydreigon-break\/"},"modified":"2024-12-20T12:41:42","modified_gmt":"2024-12-20T12:41:42","slug":"hydreigon-break","status":"publish","type":"product","link":"https:\/\/www.silvian.nl\/es\/producto\/hydreigon-break\/","title":{"rendered":"Hydreigon BREAK"},"content":{"rendered":"<p>Discard 3 Energy attached to this Pok\u00e9mon. This attack does 50 damage to 2 of your opponent&#8217;s Benched Pok\u00e9mon. (Don&#8217;t apply Weakness and Resistance for Benched Pok\u00e9mon.)<\/p>\n","protected":false},"excerpt":{"rendered":"<p>Discard 3 Energy attached to this Pok\u00e9mon. This attack does 50 damage to 2 of your opponent&#8217;s Benched Pok\u00e9mon. (Don&#8217;t apply Weakness and Resistance for Benched Pok\u00e9mon.)<\/p>\n","protected":false},"featured_media":139623,"template":"","meta":[],"product_cat":[5803,5314],"product_tag":[],"class_list":{"0":"post-139636","1":"product","2":"type-product","3":"status-publish","4":"has-post-thumbnail","6":"product_cat-steam-siege","7":"product_cat-xy","9":"first","10":"outofstock","11":"shipping-taxable","12":"product-type-simple"},"_links":{"self":[{"href":"https:\/\/www.silvian.nl\/es\/wp-json\/wp\/v2\/product\/139636","targetHints":{"allow":["GET"]}}],"collection":[{"href":"https:\/\/www.silvian.nl\/es\/wp-json\/wp\/v2\/product"}],"about":[{"href":"https:\/\/www.silvian.nl\/es\/wp-json\/wp\/v2\/types\/product"}],"wp:featuredmedia":[{"embeddable":true,"href":"https:\/\/www.silvian.nl\/es\/wp-json\/wp\/v2\/media\/139623"}],"wp:attachment":[{"href":"https:\/\/www.silvian.nl\/es\/wp-json\/wp\/v2\/media?parent=139636"}],"wp:term":[{"taxonomy":"product_cat","embeddable":true,"href":"https:\/\/www.silvian.nl\/es\/wp-json\/wp\/v2\/product_cat?post=139636"},{"taxonomy":"product_tag","embeddable":true,"href":"https:\/\/www.silvian.nl\/es\/wp-json\/wp\/v2\/product_tag?post=139636"}],"curies":[{"name":"wp","href":"https:\/\/api.w.org\/{rel}","templated":true}]}}