{"id":139398,"date":"2024-12-20T12:40:23","date_gmt":"2024-12-20T12:40:23","guid":{"rendered":"https:\/\/www.silvian.nl\/product\/bastiodon-3\/"},"modified":"2024-12-20T12:40:25","modified_gmt":"2024-12-20T12:40:25","slug":"bastiodon-3","status":"publish","type":"product","link":"https:\/\/www.silvian.nl\/es\/producto\/bastiodon-3\/","title":{"rendered":"Bastiodon"},"content":{"rendered":"<p>During your opponent&#8217;s next turn, if this Pok\u00e9mon is damaged by an attack (even if this Pok\u00e9mon is Knocked Out), put damage counters on the Attacking Pok\u00e9mon equal to the damage done to this Pok\u00e9mon.<\/p>\n","protected":false},"excerpt":{"rendered":"<p>Any frontal attack is repulsed. It is a docile Pok\u00e9mon that feeds on grass and berries.<\/p>\n","protected":false},"featured_media":139385,"template":"","meta":[],"product_cat":[5803,5314],"product_tag":[],"class_list":{"0":"post-139398","1":"product","2":"type-product","3":"status-publish","4":"has-post-thumbnail","6":"product_cat-steam-siege","7":"product_cat-xy","9":"first","10":"outofstock","11":"shipping-taxable","12":"product-type-simple"},"_links":{"self":[{"href":"https:\/\/www.silvian.nl\/es\/wp-json\/wp\/v2\/product\/139398","targetHints":{"allow":["GET"]}}],"collection":[{"href":"https:\/\/www.silvian.nl\/es\/wp-json\/wp\/v2\/product"}],"about":[{"href":"https:\/\/www.silvian.nl\/es\/wp-json\/wp\/v2\/types\/product"}],"wp:featuredmedia":[{"embeddable":true,"href":"https:\/\/www.silvian.nl\/es\/wp-json\/wp\/v2\/media\/139385"}],"wp:attachment":[{"href":"https:\/\/www.silvian.nl\/es\/wp-json\/wp\/v2\/media?parent=139398"}],"wp:term":[{"taxonomy":"product_cat","embeddable":true,"href":"https:\/\/www.silvian.nl\/es\/wp-json\/wp\/v2\/product_cat?post=139398"},{"taxonomy":"product_tag","embeddable":true,"href":"https:\/\/www.silvian.nl\/es\/wp-json\/wp\/v2\/product_tag?post=139398"}],"curies":[{"name":"wp","href":"https:\/\/api.w.org\/{rel}","templated":true}]}}