{"id":137495,"date":"2024-12-20T12:17:29","date_gmt":"2024-12-20T12:17:29","guid":{"rendered":"https:\/\/www.silvian.nl\/product\/bronzong-break\/"},"modified":"2024-12-20T12:17:31","modified_gmt":"2024-12-20T12:17:31","slug":"bronzong-break","status":"publish","type":"product","link":"https:\/\/www.silvian.nl\/es\/producto\/bronzong-break\/","title":{"rendered":"Bronzong BREAK"},"content":{"rendered":"<p>Discard as many Metal Energy attached to this Pok\u00e9mon as you like. For each Energy card discarded in this way, choose 1 of your opponent&#8217;s Pok\u00e9mon and do 30 damage to it. Don&#8217;t apply Weakness and Resistance. (You may choose the same Pok\u00e9mon more than once.)<\/p>\n","protected":false},"excerpt":{"rendered":"<p>Discard as many Metal Energy attached to this Pok\u00e9mon as you like. For each Energy card discarded in this way, choose 1 of your opponent&#8217;s Pok\u00e9mon and do 30 damage to it. Don&#8217;t apply Weakness and Resistance. (You may choose the same Pok\u00e9mon more than once.)<\/p>\n","protected":false},"featured_media":137482,"template":"","meta":[],"product_cat":[5741,5314],"product_tag":[],"class_list":{"0":"post-137495","1":"product","2":"type-product","3":"status-publish","4":"has-post-thumbnail","6":"product_cat-fates-collide","7":"product_cat-xy","9":"first","10":"outofstock","11":"shipping-taxable","12":"product-type-simple"},"_links":{"self":[{"href":"https:\/\/www.silvian.nl\/es\/wp-json\/wp\/v2\/product\/137495","targetHints":{"allow":["GET"]}}],"collection":[{"href":"https:\/\/www.silvian.nl\/es\/wp-json\/wp\/v2\/product"}],"about":[{"href":"https:\/\/www.silvian.nl\/es\/wp-json\/wp\/v2\/types\/product"}],"wp:featuredmedia":[{"embeddable":true,"href":"https:\/\/www.silvian.nl\/es\/wp-json\/wp\/v2\/media\/137482"}],"wp:attachment":[{"href":"https:\/\/www.silvian.nl\/es\/wp-json\/wp\/v2\/media?parent=137495"}],"wp:term":[{"taxonomy":"product_cat","embeddable":true,"href":"https:\/\/www.silvian.nl\/es\/wp-json\/wp\/v2\/product_cat?post=137495"},{"taxonomy":"product_tag","embeddable":true,"href":"https:\/\/www.silvian.nl\/es\/wp-json\/wp\/v2\/product_tag?post=137495"}],"curies":[{"name":"wp","href":"https:\/\/api.w.org\/{rel}","templated":true}]}}