{"id":135871,"date":"2024-12-19T11:27:14","date_gmt":"2024-12-19T11:27:14","guid":{"rendered":"https:\/\/www.silvian.nl\/product\/pangoro-8\/"},"modified":"2024-12-19T11:27:14","modified_gmt":"2024-12-19T11:27:14","slug":"pangoro-8","status":"publish","type":"product","link":"https:\/\/www.silvian.nl\/es\/producto\/pangoro-8\/","title":{"rendered":"Pangoro"},"content":{"rendered":"<p>Switch this Pok\u00e9mon with 1 of your Benched Pok\u00e9mon. During your opponent&#8217;s next turn, any damage done by attacks from the Defending Pok\u00e9mon is reduced by 60 (before applying Weakness and Resistance).<\/p>\n","protected":false},"excerpt":{"rendered":"<p>It charges ahead and bashes its opponents like a berserker, uncaring about any hits it might take. Its arms are mighty enough to snap a telephone pole.<\/p>\n","protected":false},"featured_media":135858,"template":"","meta":[],"product_cat":[5692,5314],"product_tag":[],"class_list":{"0":"post-135871","1":"product","2":"type-product","3":"status-publish","4":"has-post-thumbnail","6":"product_cat-breakpoint","7":"product_cat-xy","9":"first","10":"outofstock","11":"shipping-taxable","12":"product-type-simple"},"_links":{"self":[{"href":"https:\/\/www.silvian.nl\/es\/wp-json\/wp\/v2\/product\/135871","targetHints":{"allow":["GET"]}}],"collection":[{"href":"https:\/\/www.silvian.nl\/es\/wp-json\/wp\/v2\/product"}],"about":[{"href":"https:\/\/www.silvian.nl\/es\/wp-json\/wp\/v2\/types\/product"}],"wp:featuredmedia":[{"embeddable":true,"href":"https:\/\/www.silvian.nl\/es\/wp-json\/wp\/v2\/media\/135858"}],"wp:attachment":[{"href":"https:\/\/www.silvian.nl\/es\/wp-json\/wp\/v2\/media?parent=135871"}],"wp:term":[{"taxonomy":"product_cat","embeddable":true,"href":"https:\/\/www.silvian.nl\/es\/wp-json\/wp\/v2\/product_cat?post=135871"},{"taxonomy":"product_tag","embeddable":true,"href":"https:\/\/www.silvian.nl\/es\/wp-json\/wp\/v2\/product_tag?post=135871"}],"curies":[{"name":"wp","href":"https:\/\/api.w.org\/{rel}","templated":true}]}}