{"id":135591,"date":"2024-12-19T11:25:42","date_gmt":"2024-12-19T11:25:42","guid":{"rendered":"https:\/\/www.silvian.nl\/product\/sigilyph-6\/"},"modified":"2024-12-19T11:25:43","modified_gmt":"2024-12-19T11:25:43","slug":"sigilyph-6","status":"publish","type":"product","link":"https:\/\/www.silvian.nl\/es\/producto\/sigilyph-6\/","title":{"rendered":"Sigilyph"},"content":{"rendered":"<p>During your opponent&#8217;s next turn, if this Pok\u00e9mon is damaged by an attack (even if this Pok\u00e9mon is Knocked Out), put 5 damage counters on the Attacking Pok\u00e9mon.<\/p>\n","protected":false},"excerpt":{"rendered":"<p>The guardians of an ancient city, they always fly the same route while keeping watch for invaders.<\/p>\n","protected":false},"featured_media":135578,"template":"","meta":[],"product_cat":[5692,5314],"product_tag":[],"class_list":{"0":"post-135591","1":"product","2":"type-product","3":"status-publish","4":"has-post-thumbnail","6":"product_cat-breakpoint","7":"product_cat-xy","9":"first","10":"outofstock","11":"shipping-taxable","12":"product-type-simple"},"_links":{"self":[{"href":"https:\/\/www.silvian.nl\/es\/wp-json\/wp\/v2\/product\/135591","targetHints":{"allow":["GET"]}}],"collection":[{"href":"https:\/\/www.silvian.nl\/es\/wp-json\/wp\/v2\/product"}],"about":[{"href":"https:\/\/www.silvian.nl\/es\/wp-json\/wp\/v2\/types\/product"}],"wp:featuredmedia":[{"embeddable":true,"href":"https:\/\/www.silvian.nl\/es\/wp-json\/wp\/v2\/media\/135578"}],"wp:attachment":[{"href":"https:\/\/www.silvian.nl\/es\/wp-json\/wp\/v2\/media?parent=135591"}],"wp:term":[{"taxonomy":"product_cat","embeddable":true,"href":"https:\/\/www.silvian.nl\/es\/wp-json\/wp\/v2\/product_cat?post=135591"},{"taxonomy":"product_tag","embeddable":true,"href":"https:\/\/www.silvian.nl\/es\/wp-json\/wp\/v2\/product_tag?post=135591"}],"curies":[{"name":"wp","href":"https:\/\/api.w.org\/{rel}","templated":true}]}}