{"id":133688,"date":"2024-12-19T11:01:18","date_gmt":"2024-12-19T11:01:18","guid":{"rendered":"https:\/\/www.silvian.nl\/product\/meloetta-4\/"},"modified":"2024-12-19T11:01:18","modified_gmt":"2024-12-19T11:01:18","slug":"meloetta-4","status":"publish","type":"product","link":"https:\/\/www.silvian.nl\/es\/producto\/meloetta-4\/","title":{"rendered":"Meloetta"},"content":{"rendered":"<p>Attach 2 Fighting Energy cards from your discard pile to this Pok\u00e9mon. Then, switch this Pok\u00e9mon with 1 of your Benched Pok\u00e9mon.<\/p>\n","protected":false},"excerpt":{"rendered":"<p>Its melodies are sung with a special vocalization method that can control the feelings of those who hear it.<\/p>\n","protected":false},"featured_media":133675,"template":"","meta":[],"product_cat":[5625,5314],"product_tag":[],"class_list":{"0":"post-133688","1":"product","2":"type-product","3":"status-publish","4":"has-post-thumbnail","6":"product_cat-breakthrough","7":"product_cat-xy","9":"first","10":"outofstock","11":"shipping-taxable","12":"product-type-simple"},"_links":{"self":[{"href":"https:\/\/www.silvian.nl\/es\/wp-json\/wp\/v2\/product\/133688","targetHints":{"allow":["GET"]}}],"collection":[{"href":"https:\/\/www.silvian.nl\/es\/wp-json\/wp\/v2\/product"}],"about":[{"href":"https:\/\/www.silvian.nl\/es\/wp-json\/wp\/v2\/types\/product"}],"wp:featuredmedia":[{"embeddable":true,"href":"https:\/\/www.silvian.nl\/es\/wp-json\/wp\/v2\/media\/133675"}],"wp:attachment":[{"href":"https:\/\/www.silvian.nl\/es\/wp-json\/wp\/v2\/media?parent=133688"}],"wp:term":[{"taxonomy":"product_cat","embeddable":true,"href":"https:\/\/www.silvian.nl\/es\/wp-json\/wp\/v2\/product_cat?post=133688"},{"taxonomy":"product_tag","embeddable":true,"href":"https:\/\/www.silvian.nl\/es\/wp-json\/wp\/v2\/product_tag?post=133688"}],"curies":[{"name":"wp","href":"https:\/\/api.w.org\/{rel}","templated":true}]}}