{"id":132274,"date":"2024-12-19T08:27:00","date_gmt":"2024-12-19T08:27:00","guid":{"rendered":"https:\/\/www.silvian.nl\/product\/m-sceptile-ex-2\/"},"modified":"2024-12-19T08:27:01","modified_gmt":"2024-12-19T08:27:01","slug":"m-sceptile-ex-2","status":"publish","type":"product","link":"https:\/\/www.silvian.nl\/es\/producto\/m-sceptile-ex-2\/","title":{"rendered":"M Sceptile-EX"},"content":{"rendered":"<p>You may attach up to 2 Grass Energy cards from your hand to your Benched Pok\u00e9mon in any way you like. If you attached Energy to a Pok\u00e9mon in this way, heal all damage from that Pok\u00e9mon.<\/p>\n","protected":false},"excerpt":{"rendered":"<p>You may attach up to 2 Grass Energy cards from your hand to your Benched Pok\u00e9mon in any way you like. If you attached Energy to a Pok\u00e9mon in this way, heal all damage from that Pok\u00e9mon.<\/p>\n","protected":false},"featured_media":132261,"template":"","meta":[],"product_cat":[5582,5314],"product_tag":[],"class_list":{"0":"post-132274","1":"product","2":"type-product","3":"status-publish","4":"has-post-thumbnail","6":"product_cat-ancient-origins","7":"product_cat-xy","9":"first","10":"outofstock","11":"shipping-taxable","12":"product-type-simple"},"_links":{"self":[{"href":"https:\/\/www.silvian.nl\/es\/wp-json\/wp\/v2\/product\/132274","targetHints":{"allow":["GET"]}}],"collection":[{"href":"https:\/\/www.silvian.nl\/es\/wp-json\/wp\/v2\/product"}],"about":[{"href":"https:\/\/www.silvian.nl\/es\/wp-json\/wp\/v2\/types\/product"}],"wp:featuredmedia":[{"embeddable":true,"href":"https:\/\/www.silvian.nl\/es\/wp-json\/wp\/v2\/media\/132261"}],"wp:attachment":[{"href":"https:\/\/www.silvian.nl\/es\/wp-json\/wp\/v2\/media?parent=132274"}],"wp:term":[{"taxonomy":"product_cat","embeddable":true,"href":"https:\/\/www.silvian.nl\/es\/wp-json\/wp\/v2\/product_cat?post=132274"},{"taxonomy":"product_tag","embeddable":true,"href":"https:\/\/www.silvian.nl\/es\/wp-json\/wp\/v2\/product_tag?post=132274"}],"curies":[{"name":"wp","href":"https:\/\/api.w.org\/{rel}","templated":true}]}}