{"id":130302,"date":"2024-12-19T08:03:53","date_gmt":"2024-12-19T08:03:53","guid":{"rendered":"https:\/\/www.silvian.nl\/product\/m-latios-ex\/"},"modified":"2024-12-19T08:03:53","modified_gmt":"2024-12-19T08:03:53","slug":"m-latios-ex","status":"publish","type":"product","link":"https:\/\/www.silvian.nl\/es\/producto\/m-latios-ex\/","title":{"rendered":"M Latios-EX"},"content":{"rendered":"<p>Discard 2 Energy attached to this Pok\u00e9mon. This attack does 120 damage to 1 of your opponent&#8217;s Pok\u00e9mon. (Don&#8217;t apply Weakness and Resistance for Benched Pok\u00e9mon.)<\/p>\n","protected":false},"excerpt":{"rendered":"<p>Discard 2 Energy attached to this Pok\u00e9mon. This attack does 120 damage to 1 of your opponent&#8217;s Pok\u00e9mon. (Don&#8217;t apply Weakness and Resistance for Benched Pok\u00e9mon.)<\/p>\n","protected":false},"featured_media":130289,"template":"","meta":[],"product_cat":[5550,5314],"product_tag":[],"class_list":{"0":"post-130302","1":"product","2":"type-product","3":"status-publish","4":"has-post-thumbnail","6":"product_cat-roaring-skies","7":"product_cat-xy","9":"first","10":"outofstock","11":"shipping-taxable","12":"product-type-simple"},"_links":{"self":[{"href":"https:\/\/www.silvian.nl\/es\/wp-json\/wp\/v2\/product\/130302","targetHints":{"allow":["GET"]}}],"collection":[{"href":"https:\/\/www.silvian.nl\/es\/wp-json\/wp\/v2\/product"}],"about":[{"href":"https:\/\/www.silvian.nl\/es\/wp-json\/wp\/v2\/types\/product"}],"wp:featuredmedia":[{"embeddable":true,"href":"https:\/\/www.silvian.nl\/es\/wp-json\/wp\/v2\/media\/130289"}],"wp:attachment":[{"href":"https:\/\/www.silvian.nl\/es\/wp-json\/wp\/v2\/media?parent=130302"}],"wp:term":[{"taxonomy":"product_cat","embeddable":true,"href":"https:\/\/www.silvian.nl\/es\/wp-json\/wp\/v2\/product_cat?post=130302"},{"taxonomy":"product_tag","embeddable":true,"href":"https:\/\/www.silvian.nl\/es\/wp-json\/wp\/v2\/product_tag?post=130302"}],"curies":[{"name":"wp","href":"https:\/\/api.w.org\/{rel}","templated":true}]}}