{"id":123033,"date":"2024-12-16T10:20:42","date_gmt":"2024-12-16T10:20:42","guid":{"rendered":"https:\/\/www.silvian.nl\/product\/flabebe-8\/"},"modified":"2024-12-16T10:20:42","modified_gmt":"2024-12-16T10:20:42","slug":"flabebe-8","status":"publish","type":"product","link":"https:\/\/www.silvian.nl\/es\/producto\/flabebe-8\/","title":{"rendered":"Flab\u00e9b\u00e9"},"content":{"rendered":"<p>Heal 10 damage from each of your Pok\u00e9mon.<\/p>\n","protected":false},"excerpt":{"rendered":"<p>It draws out and controls the hidden power of flowers. The flower Flab\u00e9b\u00e9 holds is most likely part of its body.<\/p>\n","protected":false},"featured_media":123020,"template":"","meta":[],"product_cat":[5396,5314],"product_tag":[],"class_list":{"0":"post-123033","1":"product","2":"type-product","3":"status-publish","4":"has-post-thumbnail","6":"product_cat-flashfire","7":"product_cat-xy","9":"first","10":"outofstock","11":"shipping-taxable","12":"product-type-simple"},"_links":{"self":[{"href":"https:\/\/www.silvian.nl\/es\/wp-json\/wp\/v2\/product\/123033","targetHints":{"allow":["GET"]}}],"collection":[{"href":"https:\/\/www.silvian.nl\/es\/wp-json\/wp\/v2\/product"}],"about":[{"href":"https:\/\/www.silvian.nl\/es\/wp-json\/wp\/v2\/types\/product"}],"wp:featuredmedia":[{"embeddable":true,"href":"https:\/\/www.silvian.nl\/es\/wp-json\/wp\/v2\/media\/123020"}],"wp:attachment":[{"href":"https:\/\/www.silvian.nl\/es\/wp-json\/wp\/v2\/media?parent=123033"}],"wp:term":[{"taxonomy":"product_cat","embeddable":true,"href":"https:\/\/www.silvian.nl\/es\/wp-json\/wp\/v2\/product_cat?post=123033"},{"taxonomy":"product_tag","embeddable":true,"href":"https:\/\/www.silvian.nl\/es\/wp-json\/wp\/v2\/product_tag?post=123033"}],"curies":[{"name":"wp","href":"https:\/\/api.w.org\/{rel}","templated":true}]}}